{"id":551,"date":"2025-03-15T19:16:26","date_gmt":"2025-03-15T19:16:26","guid":{"rendered":"https:\/\/yerbamatefortuna.com\/?page_id=551"},"modified":"2025-03-15T19:23:42","modified_gmt":"2025-03-15T19:23:42","slug":"menta-boldo-y-burrito","status":"publish","type":"page","link":"https:\/\/yerbamatefortuna.com\/index.php\/menta-boldo-y-burrito\/","title":{"rendered":"MENTA, BOLDO Y BURRITO"},"content":{"rendered":"\t\t<div data-elementor-type=\"wp-page\" data-elementor-id=\"551\" class=\"elementor elementor-551\">\n\t\t\t\t<div class=\"elementor-element elementor-element-c40d2cc e-flex e-con-boxed e-con e-parent\" data-id=\"c40d2cc\" data-element_type=\"container\">\n\t\t\t\t\t<div class=\"e-con-inner\">\n\t\t\t\t<div class=\"elementor-element elementor-element-796fb83 elementor-widget elementor-widget-heading\" data-id=\"796fb83\" data-element_type=\"widget\" data-widget_type=\"heading.default\">\n\t\t\t\t<div class=\"elementor-widget-container\">\n\t\t\t\t\t<h2 class=\"elementor-heading-title elementor-size-default\">\ud83c\udf43 Menta, Boldo y Burrito \u2013 Poder Digestivo y Refrescante<\/h2>\t\t\t\t<\/div>\n\t\t\t\t<\/div>\n\t\t\t\t\t<\/div>\n\t\t\t\t<\/div>\n\t\t<div class=\"elementor-element elementor-element-97bd750 e-grid e-con-full e-con e-parent\" data-id=\"97bd750\" data-element_type=\"container\">\n\t\t\t\t<div class=\"elementor-element elementor-element-ec06402 elementor-widget elementor-widget-text-editor\" data-id=\"ec06402\" data-element_type=\"widget\" data-widget_type=\"text-editor.default\">\n\t\t\t\t<div class=\"elementor-widget-container\">\n\t\t\t\t\t\t\t\t\t<h4 data-start=\"237\" data-end=\"288\"><strong data-start=\"242\" data-end=\"286\"><span>\ud83c\udf31 El equilibrio ideal para tu bienestar<\/span><\/strong><\/h4><p data-start=\"289\" data-end=\"584\"><span>Nuestra yerba mate Menta, Boldo y Burrito de <\/span><strong data-start=\"334\" data-end=\"353\"><span>molienda gruesa<\/span><\/strong><span> combina tres hierbas poderosas: el efecto refrescante de la menta, las propiedades digestivas del boldo y el toque revitalizante del burrito. Perfecta para quienes buscan un sabor herbal intenso con beneficios para el organismo.<\/span><\/p><p data-start=\"586\" data-end=\"646\"><span>\ud83d\udce6 <\/span><strong data-start=\"589\" data-end=\"620\"><span>Presentaciones disponibles:<\/span><\/strong><span> 100g, 250g, 500g y 5kg.<\/span><\/p>\t\t\t\t\t\t\t\t<\/div>\n\t\t\t\t<\/div>\n\t\t\t\t<div class=\"elementor-element elementor-element-34f4fc9 elementor-widget elementor-widget-image\" data-id=\"34f4fc9\" data-element_type=\"widget\" data-widget_type=\"image.default\">\n\t\t\t\t<div class=\"elementor-widget-container\">\n\t\t\t\t\t\t\t\t\t\t\t\t\t\t\t<img fetchpriority=\"high\" decoding=\"async\" width=\"542\" height=\"360\" src=\"https:\/\/yerbamatefortuna.com\/wp-content\/uploads\/2025\/02\/cropped-481051244_2756195041234286_1188267172788960589_n.jpg\" class=\"attachment-large size-large wp-image-487\" alt=\"\" srcset=\"https:\/\/yerbamatefortuna.com\/wp-content\/uploads\/2025\/02\/cropped-481051244_2756195041234286_1188267172788960589_n.jpg 542w, https:\/\/yerbamatefortuna.com\/wp-content\/uploads\/2025\/02\/cropped-481051244_2756195041234286_1188267172788960589_n-300x199.jpg 300w\" sizes=\"(max-width: 542px) 100vw, 542px\" \/>\t\t\t\t\t\t\t\t\t\t\t\t\t\t\t<\/div>\n\t\t\t\t<\/div>\n\t\t\t\t<\/div>\n\t\t<div class=\"elementor-element elementor-element-96d7efe e-grid e-con-full e-con e-parent\" data-id=\"96d7efe\" data-element_type=\"container\">\n\t\t\t\t<div class=\"elementor-element elementor-element-c4eeca0 elementor-widget elementor-widget-text-editor\" data-id=\"c4eeca0\" data-element_type=\"widget\" data-widget_type=\"text-editor.default\">\n\t\t\t\t<div class=\"elementor-widget-container\">\n\t\t\t\t\t\t\t\t\t<h3 data-start=\"572\" data-end=\"607\"><strong data-start=\"576\" data-end=\"605\">\ud83d\udfe2 Beneficios de la menta<\/strong><\/h3><p data-start=\"608\" data-end=\"773\">\ud83d\udc86\u200d\u2642\ufe0f Relajante natural que ayuda a aliviar el estr\u00e9s. <br data-start=\"662\" data-end=\"665\" \/>\ud83e\udec1 Descongestionante, ideal para las v\u00edas respiratorias. <br data-start=\"721\" data-end=\"724\" \/>\ud83c\udf43 Refresca el aliento y favorece la digesti\u00f3n.<\/p>\t\t\t\t\t\t\t\t<\/div>\n\t\t\t\t<\/div>\n\t\t\t\t<div class=\"elementor-element elementor-element-fc7e415 elementor-widget elementor-widget-image\" data-id=\"fc7e415\" data-element_type=\"widget\" data-widget_type=\"image.default\">\n\t\t\t\t<div class=\"elementor-widget-container\">\n\t\t\t\t\t\t\t\t\t\t\t\t\t\t\t<img decoding=\"async\" width=\"400\" height=\"400\" src=\"https:\/\/yerbamatefortuna.com\/wp-content\/uploads\/2025\/03\/peppermint-green-leaf-in-png.png\" class=\"attachment-large size-large wp-image-543\" alt=\"\" srcset=\"https:\/\/yerbamatefortuna.com\/wp-content\/uploads\/2025\/03\/peppermint-green-leaf-in-png.png 400w, https:\/\/yerbamatefortuna.com\/wp-content\/uploads\/2025\/03\/peppermint-green-leaf-in-png-300x300.png 300w, https:\/\/yerbamatefortuna.com\/wp-content\/uploads\/2025\/03\/peppermint-green-leaf-in-png-150x150.png 150w\" sizes=\"(max-width: 400px) 100vw, 400px\" \/>\t\t\t\t\t\t\t\t\t\t\t\t\t\t\t<\/div>\n\t\t\t\t<\/div>\n\t\t\t\t<\/div>\n\t\t<div class=\"elementor-element elementor-element-9d17327 e-grid e-con-full e-con e-parent\" data-id=\"9d17327\" data-element_type=\"container\">\n\t\t\t\t<div class=\"elementor-element elementor-element-d803f43 elementor-widget elementor-widget-text-editor\" data-id=\"d803f43\" data-element_type=\"widget\" data-widget_type=\"text-editor.default\">\n\t\t\t\t<div class=\"elementor-widget-container\">\n\t\t\t\t\t\t\t\t\t<h3 data-start=\"874\" data-end=\"907\"><strong data-start=\"878\" data-end=\"905\"><span>\ud83c\udf42 Beneficios del boldo<\/span><\/strong><\/h3><p data-start=\"908\" data-end=\"1068\"><span>\ud83e\ude7a Protege el h\u00edgado y favorece su funcionamiento. <\/span><br data-start=\"958\" data-end=\"961\" \/><span>\ud83c\udf7d\ufe0f Estimula la digesti\u00f3n y reduce la insuficiencia. <\/span><br data-start=\"1009\" data-end=\"1012\" \/><span>\ud83c\udf31Aporta un sabor herbal con propiedades depurativas.<\/span><\/p>\t\t\t\t\t\t\t\t<\/div>\n\t\t\t\t<\/div>\n\t\t\t\t<div class=\"elementor-element elementor-element-1cbea2b elementor-widget elementor-widget-image\" data-id=\"1cbea2b\" data-element_type=\"widget\" data-widget_type=\"image.default\">\n\t\t\t\t<div class=\"elementor-widget-container\">\n\t\t\t\t\t\t\t\t\t\t\t\t\t\t\t<img decoding=\"async\" width=\"1024\" height=\"538\" src=\"https:\/\/yerbamatefortuna.com\/wp-content\/uploads\/2025\/03\/boldo-1024x538.jpg\" class=\"attachment-large size-large wp-image-562\" alt=\"\" srcset=\"https:\/\/yerbamatefortuna.com\/wp-content\/uploads\/2025\/03\/boldo-1024x538.jpg 1024w, https:\/\/yerbamatefortuna.com\/wp-content\/uploads\/2025\/03\/boldo-300x158.jpg 300w, https:\/\/yerbamatefortuna.com\/wp-content\/uploads\/2025\/03\/boldo-768x403.jpg 768w, https:\/\/yerbamatefortuna.com\/wp-content\/uploads\/2025\/03\/boldo.jpg 1200w\" sizes=\"(max-width: 1024px) 100vw, 1024px\" \/>\t\t\t\t\t\t\t\t\t\t\t\t\t\t\t<\/div>\n\t\t\t\t<\/div>\n\t\t\t\t<\/div>\n\t\t<div class=\"elementor-element elementor-element-bfa04ac e-grid e-con-full e-con e-parent\" data-id=\"bfa04ac\" data-element_type=\"container\">\n\t\t\t\t<div class=\"elementor-element elementor-element-cda5ac5 elementor-widget elementor-widget-text-editor\" data-id=\"cda5ac5\" data-element_type=\"widget\" data-widget_type=\"text-editor.default\">\n\t\t\t\t<div class=\"elementor-widget-container\">\n\t\t\t\t\t\t\t\t\t<h3 data-start=\"1077\" data-end=\"1112\"><strong data-start=\"1081\" data-end=\"1110\"><span>\ud83c\udf3e Beneficios del Burrito<\/span><\/strong><\/h3><p data-start=\"1113\" data-end=\"1261\"><span>\ud83c\udf43Conocido por su poder digestivo y relajante. <\/span><br data-start=\"1160\" data-end=\"1163\" \/><span>\u26a1Aporta un toque refrescante ideal para el terer\u00e9. <\/span><br data-start=\"1214\" data-end=\"1217\" \/><span>\ud83e\ude7a Ayuda a aliviar malestares estomacales.<\/span><\/p>\t\t\t\t\t\t\t\t<\/div>\n\t\t\t\t<\/div>\n\t\t\t\t<div class=\"elementor-element elementor-element-d8ddcf5 elementor-widget elementor-widget-image\" data-id=\"d8ddcf5\" data-element_type=\"widget\" data-widget_type=\"image.default\">\n\t\t\t\t<div class=\"elementor-widget-container\">\n\t\t\t\t\t\t\t\t\t\t\t\t\t\t\t<img loading=\"lazy\" decoding=\"async\" width=\"1024\" height=\"715\" src=\"https:\/\/yerbamatefortuna.com\/wp-content\/uploads\/2025\/03\/burrito-1024x715.jpg\" class=\"attachment-large size-large wp-image-563\" alt=\"\" srcset=\"https:\/\/yerbamatefortuna.com\/wp-content\/uploads\/2025\/03\/burrito-1024x715.jpg 1024w, https:\/\/yerbamatefortuna.com\/wp-content\/uploads\/2025\/03\/burrito-300x209.jpg 300w, https:\/\/yerbamatefortuna.com\/wp-content\/uploads\/2025\/03\/burrito-768x536.jpg 768w, https:\/\/yerbamatefortuna.com\/wp-content\/uploads\/2025\/03\/burrito.jpg 1403w\" sizes=\"(max-width: 1024px) 100vw, 1024px\" \/>\t\t\t\t\t\t\t\t\t\t\t\t\t\t\t<\/div>\n\t\t\t\t<\/div>\n\t\t\t\t<\/div>\n\t\t<div class=\"elementor-element elementor-element-05d4ddb e-flex e-con-boxed e-con e-parent\" data-id=\"05d4ddb\" data-element_type=\"container\">\n\t\t\t\t\t<div class=\"e-con-inner\">\n\t\t\t\t<div class=\"elementor-element elementor-element-7f77e75 elementor-widget elementor-widget-text-editor\" data-id=\"7f77e75\" data-element_type=\"widget\" data-widget_type=\"text-editor.default\">\n\t\t\t\t<div class=\"elementor-widget-container\">\n\t\t\t\t\t\t\t\t\t<h3 data-start=\"1270\" data-end=\"1301\"><strong data-start=\"1274\" data-end=\"1299\"><span>\ud83d\udca1\u00bfC\u00f3mo disfrutarlo?<\/span><\/strong><\/h3><p data-start=\"1302\" data-end=\"1550\"><span>\u2705 <\/span><strong data-start=\"1304\" data-end=\"1318\"><span>En terer\u00e9:<\/span><\/strong><span> Servido bien fr\u00edo con hielo y acompa\u00f1ado de lim\u00f3n o naranja. <\/span><br data-start=\"1379\" data-end=\"1382\" \/><span>\u2705 <\/span><strong data-start=\"1384\" data-end=\"1396\"><span>En mate:<\/span><\/strong><span> Su sabor herbal intenso lo convierte en una opci\u00f3n reconfortante.<\/span><\/p>\t\t\t\t\t\t\t\t<\/div>\n\t\t\t\t<\/div>\n\t\t\t\t\t<\/div>\n\t\t\t\t<\/div>\n\t\t<div class=\"elementor-element elementor-element-333f273 e-flex e-con-boxed e-con e-parent\" data-id=\"333f273\" data-element_type=\"container\">\n\t\t\t\t\t<div class=\"e-con-inner\">\n\t\t\t\t<div class=\"elementor-element elementor-element-81976d0 elementor-widget elementor-widget-image\" data-id=\"81976d0\" data-element_type=\"widget\" data-widget_type=\"image.default\">\n\t\t\t\t<div class=\"elementor-widget-container\">\n\t\t\t\t\t\t\t\t\t\t\t\t\t\t\t<img loading=\"lazy\" decoding=\"async\" width=\"819\" height=\"1024\" src=\"https:\/\/yerbamatefortuna.com\/wp-content\/uploads\/2025\/03\/MENTA-BOLDO-Y-BURRITO-819x1024.png\" class=\"attachment-large size-large wp-image-568\" alt=\"\" srcset=\"https:\/\/yerbamatefortuna.com\/wp-content\/uploads\/2025\/03\/MENTA-BOLDO-Y-BURRITO-819x1024.png 819w, https:\/\/yerbamatefortuna.com\/wp-content\/uploads\/2025\/03\/MENTA-BOLDO-Y-BURRITO-240x300.png 240w, https:\/\/yerbamatefortuna.com\/wp-content\/uploads\/2025\/03\/MENTA-BOLDO-Y-BURRITO-768x960.png 768w, https:\/\/yerbamatefortuna.com\/wp-content\/uploads\/2025\/03\/MENTA-BOLDO-Y-BURRITO-1024x1280.png 1024w, https:\/\/yerbamatefortuna.com\/wp-content\/uploads\/2025\/03\/MENTA-BOLDO-Y-BURRITO-864x1080.png 864w, https:\/\/yerbamatefortuna.com\/wp-content\/uploads\/2025\/03\/MENTA-BOLDO-Y-BURRITO.png 1080w\" sizes=\"(max-width: 819px) 100vw, 819px\" \/>\t\t\t\t\t\t\t\t\t\t\t\t\t\t\t<\/div>\n\t\t\t\t<\/div>\n\t\t\t\t\t<\/div>\n\t\t\t\t<\/div>\n\t\t\t\t<\/div>\n\t\t","protected":false},"excerpt":{"rendered":"<p>\ud83c\udf43 Menta, Boldo y Burrito \u2013 Poder Digestivo y Refrescante \ud83c\udf31 El equilibrio ideal para tu bienestar Nuestra yerba mate Menta, Boldo y Burrito de molienda gruesa combina tres hierbas poderosas: el efecto refrescante de la menta, las propiedades digestivas del boldo y el toque revitalizante del burrito. Perfecta para quienes buscan un sabor herbal&hellip; <br \/> <a class=\"read-more\" href=\"https:\/\/yerbamatefortuna.com\/index.php\/menta-boldo-y-burrito\/\">Leer m\u00e1s<\/a><\/p>\n","protected":false},"author":1,"featured_media":0,"parent":0,"menu_order":0,"comment_status":"closed","ping_status":"closed","template":"","meta":{"footnotes":""},"class_list":["post-551","page","type-page","status-publish","hentry"],"yoast_head":"<!-- This site is optimized with the Yoast SEO plugin v25.3.1 - https:\/\/yoast.com\/wordpress\/plugins\/seo\/ -->\n<title>MENTA, BOLDO Y BURRITO - Yerba Mate Fortuna<\/title>\n<meta name=\"robots\" content=\"index, follow, max-snippet:-1, max-image-preview:large, max-video-preview:-1\" \/>\n<link rel=\"canonical\" href=\"https:\/\/yerbamatefortuna.com\/index.php\/menta-boldo-y-burrito\/\" \/>\n<meta property=\"og:locale\" content=\"es_ES\" \/>\n<meta property=\"og:type\" content=\"article\" \/>\n<meta property=\"og:title\" content=\"MENTA, BOLDO Y BURRITO - Yerba Mate Fortuna\" \/>\n<meta property=\"og:description\" content=\"\ud83c\udf43 Menta, Boldo y Burrito \u2013 Poder Digestivo y Refrescante \ud83c\udf31 El equilibrio ideal para tu bienestar Nuestra yerba mate Menta, Boldo y Burrito de molienda gruesa combina tres hierbas poderosas: el efecto refrescante de la menta, las propiedades digestivas del boldo y el toque revitalizante del burrito. Perfecta para quienes buscan un sabor herbal&hellip; Leer m\u00e1s\" \/>\n<meta property=\"og:url\" content=\"https:\/\/yerbamatefortuna.com\/index.php\/menta-boldo-y-burrito\/\" \/>\n<meta property=\"og:site_name\" content=\"Yerba Mate Fortuna\" \/>\n<meta property=\"article:modified_time\" content=\"2025-03-15T19:23:42+00:00\" \/>\n<meta property=\"og:image\" content=\"https:\/\/yerbamatefortuna.com\/wp-content\/uploads\/2025\/02\/cropped-481051244_2756195041234286_1188267172788960589_n.jpg\" \/>\n\t<meta property=\"og:image:width\" content=\"542\" \/>\n\t<meta property=\"og:image:height\" content=\"360\" \/>\n\t<meta property=\"og:image:type\" content=\"image\/jpeg\" \/>\n<meta name=\"twitter:card\" content=\"summary_large_image\" \/>\n<meta name=\"twitter:label1\" content=\"Tiempo de lectura\" \/>\n\t<meta name=\"twitter:data1\" content=\"2 minutos\" \/>\n<script type=\"application\/ld+json\" class=\"yoast-schema-graph\">{\"@context\":\"https:\/\/schema.org\",\"@graph\":[{\"@type\":\"WebPage\",\"@id\":\"https:\/\/yerbamatefortuna.com\/index.php\/menta-boldo-y-burrito\/\",\"url\":\"https:\/\/yerbamatefortuna.com\/index.php\/menta-boldo-y-burrito\/\",\"name\":\"MENTA, BOLDO Y BURRITO - Yerba Mate Fortuna\",\"isPartOf\":{\"@id\":\"https:\/\/yerbamatefortuna.com\/#website\"},\"primaryImageOfPage\":{\"@id\":\"https:\/\/yerbamatefortuna.com\/index.php\/menta-boldo-y-burrito\/#primaryimage\"},\"image\":{\"@id\":\"https:\/\/yerbamatefortuna.com\/index.php\/menta-boldo-y-burrito\/#primaryimage\"},\"thumbnailUrl\":\"https:\/\/yerbamatefortuna.com\/wp-content\/uploads\/2025\/02\/cropped-481051244_2756195041234286_1188267172788960589_n.jpg\",\"datePublished\":\"2025-03-15T19:16:26+00:00\",\"dateModified\":\"2025-03-15T19:23:42+00:00\",\"breadcrumb\":{\"@id\":\"https:\/\/yerbamatefortuna.com\/index.php\/menta-boldo-y-burrito\/#breadcrumb\"},\"inLanguage\":\"es\",\"potentialAction\":[{\"@type\":\"ReadAction\",\"target\":[\"https:\/\/yerbamatefortuna.com\/index.php\/menta-boldo-y-burrito\/\"]}]},{\"@type\":\"ImageObject\",\"inLanguage\":\"es\",\"@id\":\"https:\/\/yerbamatefortuna.com\/index.php\/menta-boldo-y-burrito\/#primaryimage\",\"url\":\"https:\/\/yerbamatefortuna.com\/wp-content\/uploads\/2025\/02\/cropped-481051244_2756195041234286_1188267172788960589_n.jpg\",\"contentUrl\":\"https:\/\/yerbamatefortuna.com\/wp-content\/uploads\/2025\/02\/cropped-481051244_2756195041234286_1188267172788960589_n.jpg\",\"width\":542,\"height\":360},{\"@type\":\"BreadcrumbList\",\"@id\":\"https:\/\/yerbamatefortuna.com\/index.php\/menta-boldo-y-burrito\/#breadcrumb\",\"itemListElement\":[{\"@type\":\"ListItem\",\"position\":1,\"name\":\"Portada\",\"item\":\"https:\/\/yerbamatefortuna.com\/\"},{\"@type\":\"ListItem\",\"position\":2,\"name\":\"MENTA, BOLDO Y BURRITO\"}]},{\"@type\":\"WebSite\",\"@id\":\"https:\/\/yerbamatefortuna.com\/#website\",\"url\":\"https:\/\/yerbamatefortuna.com\/\",\"name\":\"Yerba Mate Fortuna\",\"description\":\"Ser Feliz es la nuesva Fortuna\",\"publisher\":{\"@id\":\"https:\/\/yerbamatefortuna.com\/#organization\"},\"potentialAction\":[{\"@type\":\"SearchAction\",\"target\":{\"@type\":\"EntryPoint\",\"urlTemplate\":\"https:\/\/yerbamatefortuna.com\/?s={search_term_string}\"},\"query-input\":{\"@type\":\"PropertyValueSpecification\",\"valueRequired\":true,\"valueName\":\"search_term_string\"}}],\"inLanguage\":\"es\"},{\"@type\":\"Organization\",\"@id\":\"https:\/\/yerbamatefortuna.com\/#organization\",\"name\":\"Yerba Mate Fortuna\",\"url\":\"https:\/\/yerbamatefortuna.com\/\",\"logo\":{\"@type\":\"ImageObject\",\"inLanguage\":\"es\",\"@id\":\"https:\/\/yerbamatefortuna.com\/#\/schema\/logo\/image\/\",\"url\":\"https:\/\/yerbamatefortuna.com\/wp-content\/uploads\/2025\/02\/cropped-yerba-mate-fortuna-web-logo-con-slogan.png\",\"contentUrl\":\"https:\/\/yerbamatefortuna.com\/wp-content\/uploads\/2025\/02\/cropped-yerba-mate-fortuna-web-logo-con-slogan.png\",\"width\":1080,\"height\":927,\"caption\":\"Yerba Mate Fortuna\"},\"image\":{\"@id\":\"https:\/\/yerbamatefortuna.com\/#\/schema\/logo\/image\/\"}}]}<\/script>\n<!-- \/ Yoast SEO plugin. -->","yoast_head_json":{"title":"MENTA, BOLDO Y BURRITO - Yerba Mate Fortuna","robots":{"index":"index","follow":"follow","max-snippet":"max-snippet:-1","max-image-preview":"max-image-preview:large","max-video-preview":"max-video-preview:-1"},"canonical":"https:\/\/yerbamatefortuna.com\/index.php\/menta-boldo-y-burrito\/","og_locale":"es_ES","og_type":"article","og_title":"MENTA, BOLDO Y BURRITO - Yerba Mate Fortuna","og_description":"\ud83c\udf43 Menta, Boldo y Burrito \u2013 Poder Digestivo y Refrescante \ud83c\udf31 El equilibrio ideal para tu bienestar Nuestra yerba mate Menta, Boldo y Burrito de molienda gruesa combina tres hierbas poderosas: el efecto refrescante de la menta, las propiedades digestivas del boldo y el toque revitalizante del burrito. Perfecta para quienes buscan un sabor herbal&hellip; Leer m\u00e1s","og_url":"https:\/\/yerbamatefortuna.com\/index.php\/menta-boldo-y-burrito\/","og_site_name":"Yerba Mate Fortuna","article_modified_time":"2025-03-15T19:23:42+00:00","og_image":[{"width":542,"height":360,"url":"https:\/\/yerbamatefortuna.com\/wp-content\/uploads\/2025\/02\/cropped-481051244_2756195041234286_1188267172788960589_n.jpg","type":"image\/jpeg"}],"twitter_card":"summary_large_image","twitter_misc":{"Tiempo de lectura":"2 minutos"},"schema":{"@context":"https:\/\/schema.org","@graph":[{"@type":"WebPage","@id":"https:\/\/yerbamatefortuna.com\/index.php\/menta-boldo-y-burrito\/","url":"https:\/\/yerbamatefortuna.com\/index.php\/menta-boldo-y-burrito\/","name":"MENTA, BOLDO Y BURRITO - Yerba Mate Fortuna","isPartOf":{"@id":"https:\/\/yerbamatefortuna.com\/#website"},"primaryImageOfPage":{"@id":"https:\/\/yerbamatefortuna.com\/index.php\/menta-boldo-y-burrito\/#primaryimage"},"image":{"@id":"https:\/\/yerbamatefortuna.com\/index.php\/menta-boldo-y-burrito\/#primaryimage"},"thumbnailUrl":"https:\/\/yerbamatefortuna.com\/wp-content\/uploads\/2025\/02\/cropped-481051244_2756195041234286_1188267172788960589_n.jpg","datePublished":"2025-03-15T19:16:26+00:00","dateModified":"2025-03-15T19:23:42+00:00","breadcrumb":{"@id":"https:\/\/yerbamatefortuna.com\/index.php\/menta-boldo-y-burrito\/#breadcrumb"},"inLanguage":"es","potentialAction":[{"@type":"ReadAction","target":["https:\/\/yerbamatefortuna.com\/index.php\/menta-boldo-y-burrito\/"]}]},{"@type":"ImageObject","inLanguage":"es","@id":"https:\/\/yerbamatefortuna.com\/index.php\/menta-boldo-y-burrito\/#primaryimage","url":"https:\/\/yerbamatefortuna.com\/wp-content\/uploads\/2025\/02\/cropped-481051244_2756195041234286_1188267172788960589_n.jpg","contentUrl":"https:\/\/yerbamatefortuna.com\/wp-content\/uploads\/2025\/02\/cropped-481051244_2756195041234286_1188267172788960589_n.jpg","width":542,"height":360},{"@type":"BreadcrumbList","@id":"https:\/\/yerbamatefortuna.com\/index.php\/menta-boldo-y-burrito\/#breadcrumb","itemListElement":[{"@type":"ListItem","position":1,"name":"Portada","item":"https:\/\/yerbamatefortuna.com\/"},{"@type":"ListItem","position":2,"name":"MENTA, BOLDO Y BURRITO"}]},{"@type":"WebSite","@id":"https:\/\/yerbamatefortuna.com\/#website","url":"https:\/\/yerbamatefortuna.com\/","name":"Yerba Mate Fortuna","description":"Ser Feliz es la nuesva Fortuna","publisher":{"@id":"https:\/\/yerbamatefortuna.com\/#organization"},"potentialAction":[{"@type":"SearchAction","target":{"@type":"EntryPoint","urlTemplate":"https:\/\/yerbamatefortuna.com\/?s={search_term_string}"},"query-input":{"@type":"PropertyValueSpecification","valueRequired":true,"valueName":"search_term_string"}}],"inLanguage":"es"},{"@type":"Organization","@id":"https:\/\/yerbamatefortuna.com\/#organization","name":"Yerba Mate Fortuna","url":"https:\/\/yerbamatefortuna.com\/","logo":{"@type":"ImageObject","inLanguage":"es","@id":"https:\/\/yerbamatefortuna.com\/#\/schema\/logo\/image\/","url":"https:\/\/yerbamatefortuna.com\/wp-content\/uploads\/2025\/02\/cropped-yerba-mate-fortuna-web-logo-con-slogan.png","contentUrl":"https:\/\/yerbamatefortuna.com\/wp-content\/uploads\/2025\/02\/cropped-yerba-mate-fortuna-web-logo-con-slogan.png","width":1080,"height":927,"caption":"Yerba Mate Fortuna"},"image":{"@id":"https:\/\/yerbamatefortuna.com\/#\/schema\/logo\/image\/"}}]}},"_links":{"self":[{"href":"https:\/\/yerbamatefortuna.com\/index.php\/wp-json\/wp\/v2\/pages\/551","targetHints":{"allow":["GET"]}}],"collection":[{"href":"https:\/\/yerbamatefortuna.com\/index.php\/wp-json\/wp\/v2\/pages"}],"about":[{"href":"https:\/\/yerbamatefortuna.com\/index.php\/wp-json\/wp\/v2\/types\/page"}],"author":[{"embeddable":true,"href":"https:\/\/yerbamatefortuna.com\/index.php\/wp-json\/wp\/v2\/users\/1"}],"replies":[{"embeddable":true,"href":"https:\/\/yerbamatefortuna.com\/index.php\/wp-json\/wp\/v2\/comments?post=551"}],"version-history":[{"count":7,"href":"https:\/\/yerbamatefortuna.com\/index.php\/wp-json\/wp\/v2\/pages\/551\/revisions"}],"predecessor-version":[{"id":571,"href":"https:\/\/yerbamatefortuna.com\/index.php\/wp-json\/wp\/v2\/pages\/551\/revisions\/571"}],"wp:attachment":[{"href":"https:\/\/yerbamatefortuna.com\/index.php\/wp-json\/wp\/v2\/media?parent=551"}],"curies":[{"name":"wp","href":"https:\/\/api.w.org\/{rel}","templated":true}]}}