{"id":572,"date":"2025-03-15T20:08:18","date_gmt":"2025-03-15T20:08:18","guid":{"rendered":"https:\/\/yerbamatefortuna.com\/?page_id=572"},"modified":"2025-06-03T16:46:30","modified_gmt":"2025-06-03T16:46:30","slug":"menta-limon-edicion-cristal","status":"publish","type":"page","link":"https:\/\/yerbamatefortuna.com\/index.php\/menta-limon-edicion-cristal\/","title":{"rendered":"Menta Lim\u00f3n Edici\u00f3n Cristal"},"content":{"rendered":"\t\t<div data-elementor-type=\"wp-page\" data-elementor-id=\"572\" class=\"elementor elementor-572\">\n\t\t\t\t<div class=\"elementor-element elementor-element-183dedc e-flex e-con-boxed e-con e-parent\" data-id=\"183dedc\" data-element_type=\"container\">\n\t\t\t\t\t<div class=\"e-con-inner\">\n\t\t\t\t<div class=\"elementor-element elementor-element-8a65b09 elementor-widget elementor-widget-heading\" data-id=\"8a65b09\" data-element_type=\"widget\" data-widget_type=\"heading.default\">\n\t\t\t\t<div class=\"elementor-widget-container\">\n\t\t\t\t\t<h2 class=\"elementor-heading-title elementor-size-default\">\ud83d\udc8e Menta Lim\u00f3n Edici\u00f3n Cristal \u2013 Frescura Potenciada<\/h2>\t\t\t\t<\/div>\n\t\t\t\t<\/div>\n\t\t\t\t\t<\/div>\n\t\t\t\t<\/div>\n\t\t<div class=\"elementor-element elementor-element-e513dad e-grid e-con-full e-con e-parent\" data-id=\"e513dad\" data-element_type=\"container\">\n\t\t\t\t<div class=\"elementor-element elementor-element-e4bf1a0 elementor-widget elementor-widget-text-editor\" data-id=\"e4bf1a0\" data-element_type=\"widget\" data-widget_type=\"text-editor.default\">\n\t\t\t\t<div class=\"elementor-widget-container\">\n\t\t\t\t\t\t\t\t\t<h4 data-start=\"219\" data-end=\"271\"><strong data-start=\"224\" data-end=\"269\">\u2744\ufe0f Un estallido de frescura en cada sorbo<\/strong><\/h4><p data-start=\"272\" data-end=\"582\">Nuestra <strong data-start=\"280\" data-end=\"299\">Edici\u00f3n Cristal<\/strong> lleva la frescura a otro nivel con una mezcla especial de <strong data-start=\"358\" data-end=\"408\">esencia de menta cristalizada y hojas de menta<\/strong>, intensificando su sabor sin perder el equilibrio perfecto con el toque c\u00edtrico del lim\u00f3n. Ideal para quienes buscan una sensaci\u00f3n de frescura extrema en su mate o terer\u00e9.<\/p>\t\t\t\t\t\t\t\t<\/div>\n\t\t\t\t<\/div>\n\t\t\t\t<div class=\"elementor-element elementor-element-6bc972d elementor-widget elementor-widget-image\" data-id=\"6bc972d\" data-element_type=\"widget\" data-widget_type=\"image.default\">\n\t\t\t\t<div class=\"elementor-widget-container\">\n\t\t\t\t\t\t\t\t\t\t\t\t\t\t\t<img fetchpriority=\"high\" decoding=\"async\" width=\"542\" height=\"360\" src=\"https:\/\/yerbamatefortuna.com\/wp-content\/uploads\/2025\/02\/cropped-337104331_566513335454156_5580531351285931983_n.jpg\" class=\"attachment-large size-large wp-image-489\" alt=\"\" srcset=\"https:\/\/yerbamatefortuna.com\/wp-content\/uploads\/2025\/02\/cropped-337104331_566513335454156_5580531351285931983_n.jpg 542w, https:\/\/yerbamatefortuna.com\/wp-content\/uploads\/2025\/02\/cropped-337104331_566513335454156_5580531351285931983_n-300x199.jpg 300w\" sizes=\"(max-width: 542px) 100vw, 542px\" \/>\t\t\t\t\t\t\t\t\t\t\t\t\t\t\t<\/div>\n\t\t\t\t<\/div>\n\t\t\t\t<\/div>\n\t\t<div class=\"elementor-element elementor-element-e1f27b4 e-grid e-con-full e-con e-parent\" data-id=\"e1f27b4\" data-element_type=\"container\">\n\t\t\t\t<div class=\"elementor-element elementor-element-9a1b6c2 elementor-widget elementor-widget-text-editor\" data-id=\"9a1b6c2\" data-element_type=\"widget\" data-widget_type=\"text-editor.default\">\n\t\t\t\t<div class=\"elementor-widget-container\">\n\t\t\t\t\t\t\t\t\t<h3 data-start=\"653\" data-end=\"701\"><strong data-start=\"657\" data-end=\"699\">\ud83c\udf3f Beneficios de la Menta Cristalizada<\/strong><\/h3>\n<p data-start=\"702\" data-end=\"875\">\u2744\ufe0f Aporta una sensaci\u00f3n de frescura intensa y duradera.<br data-start=\"757\" data-end=\"760\">\ud83d\udca8 Refresca el aliento y despeja las v\u00edas respiratorias.<br data-start=\"816\" data-end=\"819\">\ud83d\udc86\u200d\u2642\ufe0f Relajante natural que ayuda a reducir el estr\u00e9s.<\/p><p data-start=\"702\" data-end=\"875\"><br><\/p><h3 data-start=\"884\" data-end=\"917\"><strong data-start=\"888\" data-end=\"915\">\ud83c\udf4b Beneficios del Lim\u00f3n<\/strong><\/h3><p data-start=\"702\" data-end=\"875\">\n<\/p><p data-start=\"918\" data-end=\"1124\">\ud83c\udf7d\ufe0f Favorece la digesti\u00f3n y aporta un toque c\u00edtrico revitalizante.<br data-start=\"984\" data-end=\"987\">\n\ud83e\udda0 Refuerza el sistema inmunol\u00f3gico gracias a su alto contenido de vitamina C.<br data-start=\"1065\" data-end=\"1068\">\n\ud83d\udca7 Hidrata y ayuda a la desintoxicaci\u00f3n del organismo.<\/p>\t\t\t\t\t\t\t\t<\/div>\n\t\t\t\t<\/div>\n\t\t\t\t<div class=\"elementor-element elementor-element-1db758c elementor-widget elementor-widget-image\" data-id=\"1db758c\" data-element_type=\"widget\" data-widget_type=\"image.default\">\n\t\t\t\t<div class=\"elementor-widget-container\">\n\t\t\t\t\t\t\t\t\t\t\t\t\t\t\t<img decoding=\"async\" width=\"1024\" height=\"1024\" src=\"https:\/\/yerbamatefortuna.com\/wp-content\/uploads\/2025\/02\/cropped-75-1024x1024.png\" class=\"attachment-large size-large wp-image-503\" alt=\"\" srcset=\"https:\/\/yerbamatefortuna.com\/wp-content\/uploads\/2025\/02\/cropped-75-1024x1024.png 1024w, https:\/\/yerbamatefortuna.com\/wp-content\/uploads\/2025\/02\/cropped-75-300x300.png 300w, https:\/\/yerbamatefortuna.com\/wp-content\/uploads\/2025\/02\/cropped-75-150x150.png 150w, https:\/\/yerbamatefortuna.com\/wp-content\/uploads\/2025\/02\/cropped-75-768x768.png 768w, https:\/\/yerbamatefortuna.com\/wp-content\/uploads\/2025\/02\/cropped-75.png 1079w\" sizes=\"(max-width: 1024px) 100vw, 1024px\" \/>\t\t\t\t\t\t\t\t\t\t\t\t\t\t\t<\/div>\n\t\t\t\t<\/div>\n\t\t\t\t<\/div>\n\t\t<div class=\"elementor-element elementor-element-b250689 e-flex e-con-boxed e-con e-parent\" data-id=\"b250689\" data-element_type=\"container\">\n\t\t\t\t\t<div class=\"e-con-inner\">\n\t\t\t\t<div class=\"elementor-element elementor-element-66dfd92 elementor-widget elementor-widget-text-editor\" data-id=\"66dfd92\" data-element_type=\"widget\" data-widget_type=\"text-editor.default\">\n\t\t\t\t<div class=\"elementor-widget-container\">\n\t\t\t\t\t\t\t\t\t<h3 data-start=\"1133\" data-end=\"1164\"><strong data-start=\"1137\" data-end=\"1162\"><span>\ud83d\udca1\u00bfC\u00f3mo disfrutarlo?<\/span><\/strong><\/h3><p data-start=\"1165\" data-end=\"1416\"><span>\u2705 <\/span><strong data-start=\"1167\" data-end=\"1181\"><span>En terer\u00e9:<\/span><\/strong><span> Con mucho hielo y rodajas de lim\u00f3n para potenciar su frescura. <\/span><br data-start=\"1244\" data-end=\"1247\" \/><span>\u2705 <\/span><strong data-start=\"1249\" data-end=\"1261\"><span>En mate:<\/span><\/strong><span> Su combinaci\u00f3n equilibrada ofrece una experiencia suave y revitalizante.<\/span><\/p>\t\t\t\t\t\t\t\t<\/div>\n\t\t\t\t<\/div>\n\t\t\t\t\t<\/div>\n\t\t\t\t<\/div>\n\t\t<div class=\"elementor-element elementor-element-9f72dfd e-flex e-con-boxed e-con e-parent\" data-id=\"9f72dfd\" data-element_type=\"container\">\n\t\t\t\t\t<div class=\"e-con-inner\">\n\t\t\t\t<div class=\"elementor-element elementor-element-3823d2d elementor-widget elementor-widget-image\" data-id=\"3823d2d\" data-element_type=\"widget\" data-widget_type=\"image.default\">\n\t\t\t\t<div class=\"elementor-widget-container\">\n\t\t\t\t\t\t\t\t\t\t\t\t\t\t\t<img decoding=\"async\" width=\"819\" height=\"1024\" src=\"https:\/\/yerbamatefortuna.com\/wp-content\/uploads\/2025\/03\/MENTA-LIMON-CRISTAL-819x1024.png\" class=\"attachment-large size-large wp-image-607\" alt=\"\" srcset=\"https:\/\/yerbamatefortuna.com\/wp-content\/uploads\/2025\/03\/MENTA-LIMON-CRISTAL-819x1024.png 819w, https:\/\/yerbamatefortuna.com\/wp-content\/uploads\/2025\/03\/MENTA-LIMON-CRISTAL-240x300.png 240w, https:\/\/yerbamatefortuna.com\/wp-content\/uploads\/2025\/03\/MENTA-LIMON-CRISTAL-768x960.png 768w, https:\/\/yerbamatefortuna.com\/wp-content\/uploads\/2025\/03\/MENTA-LIMON-CRISTAL-1024x1280.png 1024w, https:\/\/yerbamatefortuna.com\/wp-content\/uploads\/2025\/03\/MENTA-LIMON-CRISTAL-864x1080.png 864w, https:\/\/yerbamatefortuna.com\/wp-content\/uploads\/2025\/03\/MENTA-LIMON-CRISTAL.png 1080w\" sizes=\"(max-width: 819px) 100vw, 819px\" \/>\t\t\t\t\t\t\t\t\t\t\t\t\t\t\t<\/div>\n\t\t\t\t<\/div>\n\t\t\t\t\t<\/div>\n\t\t\t\t<\/div>\n\t\t\t\t<\/div>\n\t\t","protected":false},"excerpt":{"rendered":"<p>\ud83d\udc8e Menta Lim\u00f3n Edici\u00f3n Cristal \u2013 Frescura Potenciada \u2744\ufe0f Un estallido de frescura en cada sorbo Nuestra Edici\u00f3n Cristal lleva la frescura a otro nivel con una mezcla especial de esencia de menta cristalizada y hojas de menta, intensificando su sabor sin perder el equilibrio perfecto con el toque c\u00edtrico del lim\u00f3n. Ideal para quienes&hellip; <br \/> <a class=\"read-more\" href=\"https:\/\/yerbamatefortuna.com\/index.php\/menta-limon-edicion-cristal\/\">Leer m\u00e1s<\/a><\/p>\n","protected":false},"author":1,"featured_media":0,"parent":0,"menu_order":0,"comment_status":"closed","ping_status":"closed","template":"","meta":{"footnotes":""},"class_list":["post-572","page","type-page","status-publish","hentry"],"yoast_head":"<!-- This site is optimized with the Yoast SEO plugin v25.3.1 - https:\/\/yoast.com\/wordpress\/plugins\/seo\/ -->\n<title>Menta Lim\u00f3n Edici\u00f3n Cristal - Yerba Mate Fortuna<\/title>\n<meta name=\"robots\" content=\"index, follow, max-snippet:-1, max-image-preview:large, max-video-preview:-1\" \/>\n<link rel=\"canonical\" href=\"https:\/\/yerbamatefortuna.com\/index.php\/menta-limon-edicion-cristal\/\" \/>\n<meta property=\"og:locale\" content=\"es_ES\" \/>\n<meta property=\"og:type\" content=\"article\" \/>\n<meta property=\"og:title\" content=\"Menta Lim\u00f3n Edici\u00f3n Cristal - Yerba Mate Fortuna\" \/>\n<meta property=\"og:description\" content=\"\ud83d\udc8e Menta Lim\u00f3n Edici\u00f3n Cristal \u2013 Frescura Potenciada \u2744\ufe0f Un estallido de frescura en cada sorbo Nuestra Edici\u00f3n Cristal lleva la frescura a otro nivel con una mezcla especial de esencia de menta cristalizada y hojas de menta, intensificando su sabor sin perder el equilibrio perfecto con el toque c\u00edtrico del lim\u00f3n. Ideal para quienes&hellip; Leer m\u00e1s\" \/>\n<meta property=\"og:url\" content=\"https:\/\/yerbamatefortuna.com\/index.php\/menta-limon-edicion-cristal\/\" \/>\n<meta property=\"og:site_name\" content=\"Yerba Mate Fortuna\" \/>\n<meta property=\"article:modified_time\" content=\"2025-06-03T16:46:30+00:00\" \/>\n<meta property=\"og:image\" content=\"https:\/\/yerbamatefortuna.com\/wp-content\/uploads\/2025\/02\/cropped-337104331_566513335454156_5580531351285931983_n.jpg\" \/>\n\t<meta property=\"og:image:width\" content=\"542\" \/>\n\t<meta property=\"og:image:height\" content=\"360\" \/>\n\t<meta property=\"og:image:type\" content=\"image\/jpeg\" \/>\n<meta name=\"twitter:card\" content=\"summary_large_image\" \/>\n<meta name=\"twitter:label1\" content=\"Tiempo de lectura\" \/>\n\t<meta name=\"twitter:data1\" content=\"2 minutos\" \/>\n<script type=\"application\/ld+json\" class=\"yoast-schema-graph\">{\"@context\":\"https:\/\/schema.org\",\"@graph\":[{\"@type\":\"WebPage\",\"@id\":\"https:\/\/yerbamatefortuna.com\/index.php\/menta-limon-edicion-cristal\/\",\"url\":\"https:\/\/yerbamatefortuna.com\/index.php\/menta-limon-edicion-cristal\/\",\"name\":\"Menta Lim\u00f3n Edici\u00f3n Cristal - Yerba Mate Fortuna\",\"isPartOf\":{\"@id\":\"https:\/\/yerbamatefortuna.com\/#website\"},\"primaryImageOfPage\":{\"@id\":\"https:\/\/yerbamatefortuna.com\/index.php\/menta-limon-edicion-cristal\/#primaryimage\"},\"image\":{\"@id\":\"https:\/\/yerbamatefortuna.com\/index.php\/menta-limon-edicion-cristal\/#primaryimage\"},\"thumbnailUrl\":\"https:\/\/yerbamatefortuna.com\/wp-content\/uploads\/2025\/02\/cropped-337104331_566513335454156_5580531351285931983_n.jpg\",\"datePublished\":\"2025-03-15T20:08:18+00:00\",\"dateModified\":\"2025-06-03T16:46:30+00:00\",\"breadcrumb\":{\"@id\":\"https:\/\/yerbamatefortuna.com\/index.php\/menta-limon-edicion-cristal\/#breadcrumb\"},\"inLanguage\":\"es\",\"potentialAction\":[{\"@type\":\"ReadAction\",\"target\":[\"https:\/\/yerbamatefortuna.com\/index.php\/menta-limon-edicion-cristal\/\"]}]},{\"@type\":\"ImageObject\",\"inLanguage\":\"es\",\"@id\":\"https:\/\/yerbamatefortuna.com\/index.php\/menta-limon-edicion-cristal\/#primaryimage\",\"url\":\"https:\/\/yerbamatefortuna.com\/wp-content\/uploads\/2025\/02\/cropped-337104331_566513335454156_5580531351285931983_n.jpg\",\"contentUrl\":\"https:\/\/yerbamatefortuna.com\/wp-content\/uploads\/2025\/02\/cropped-337104331_566513335454156_5580531351285931983_n.jpg\",\"width\":542,\"height\":360},{\"@type\":\"BreadcrumbList\",\"@id\":\"https:\/\/yerbamatefortuna.com\/index.php\/menta-limon-edicion-cristal\/#breadcrumb\",\"itemListElement\":[{\"@type\":\"ListItem\",\"position\":1,\"name\":\"Portada\",\"item\":\"https:\/\/yerbamatefortuna.com\/\"},{\"@type\":\"ListItem\",\"position\":2,\"name\":\"Menta Lim\u00f3n Edici\u00f3n Cristal\"}]},{\"@type\":\"WebSite\",\"@id\":\"https:\/\/yerbamatefortuna.com\/#website\",\"url\":\"https:\/\/yerbamatefortuna.com\/\",\"name\":\"Yerba Mate Fortuna\",\"description\":\"Ser Feliz es la nuesva Fortuna\",\"publisher\":{\"@id\":\"https:\/\/yerbamatefortuna.com\/#organization\"},\"potentialAction\":[{\"@type\":\"SearchAction\",\"target\":{\"@type\":\"EntryPoint\",\"urlTemplate\":\"https:\/\/yerbamatefortuna.com\/?s={search_term_string}\"},\"query-input\":{\"@type\":\"PropertyValueSpecification\",\"valueRequired\":true,\"valueName\":\"search_term_string\"}}],\"inLanguage\":\"es\"},{\"@type\":\"Organization\",\"@id\":\"https:\/\/yerbamatefortuna.com\/#organization\",\"name\":\"Yerba Mate Fortuna\",\"url\":\"https:\/\/yerbamatefortuna.com\/\",\"logo\":{\"@type\":\"ImageObject\",\"inLanguage\":\"es\",\"@id\":\"https:\/\/yerbamatefortuna.com\/#\/schema\/logo\/image\/\",\"url\":\"https:\/\/yerbamatefortuna.com\/wp-content\/uploads\/2025\/02\/cropped-yerba-mate-fortuna-web-logo-con-slogan.png\",\"contentUrl\":\"https:\/\/yerbamatefortuna.com\/wp-content\/uploads\/2025\/02\/cropped-yerba-mate-fortuna-web-logo-con-slogan.png\",\"width\":1080,\"height\":927,\"caption\":\"Yerba Mate Fortuna\"},\"image\":{\"@id\":\"https:\/\/yerbamatefortuna.com\/#\/schema\/logo\/image\/\"}}]}<\/script>\n<!-- \/ Yoast SEO plugin. -->","yoast_head_json":{"title":"Menta Lim\u00f3n Edici\u00f3n Cristal - Yerba Mate Fortuna","robots":{"index":"index","follow":"follow","max-snippet":"max-snippet:-1","max-image-preview":"max-image-preview:large","max-video-preview":"max-video-preview:-1"},"canonical":"https:\/\/yerbamatefortuna.com\/index.php\/menta-limon-edicion-cristal\/","og_locale":"es_ES","og_type":"article","og_title":"Menta Lim\u00f3n Edici\u00f3n Cristal - Yerba Mate Fortuna","og_description":"\ud83d\udc8e Menta Lim\u00f3n Edici\u00f3n Cristal \u2013 Frescura Potenciada \u2744\ufe0f Un estallido de frescura en cada sorbo Nuestra Edici\u00f3n Cristal lleva la frescura a otro nivel con una mezcla especial de esencia de menta cristalizada y hojas de menta, intensificando su sabor sin perder el equilibrio perfecto con el toque c\u00edtrico del lim\u00f3n. Ideal para quienes&hellip; Leer m\u00e1s","og_url":"https:\/\/yerbamatefortuna.com\/index.php\/menta-limon-edicion-cristal\/","og_site_name":"Yerba Mate Fortuna","article_modified_time":"2025-06-03T16:46:30+00:00","og_image":[{"width":542,"height":360,"url":"https:\/\/yerbamatefortuna.com\/wp-content\/uploads\/2025\/02\/cropped-337104331_566513335454156_5580531351285931983_n.jpg","type":"image\/jpeg"}],"twitter_card":"summary_large_image","twitter_misc":{"Tiempo de lectura":"2 minutos"},"schema":{"@context":"https:\/\/schema.org","@graph":[{"@type":"WebPage","@id":"https:\/\/yerbamatefortuna.com\/index.php\/menta-limon-edicion-cristal\/","url":"https:\/\/yerbamatefortuna.com\/index.php\/menta-limon-edicion-cristal\/","name":"Menta Lim\u00f3n Edici\u00f3n Cristal - Yerba Mate Fortuna","isPartOf":{"@id":"https:\/\/yerbamatefortuna.com\/#website"},"primaryImageOfPage":{"@id":"https:\/\/yerbamatefortuna.com\/index.php\/menta-limon-edicion-cristal\/#primaryimage"},"image":{"@id":"https:\/\/yerbamatefortuna.com\/index.php\/menta-limon-edicion-cristal\/#primaryimage"},"thumbnailUrl":"https:\/\/yerbamatefortuna.com\/wp-content\/uploads\/2025\/02\/cropped-337104331_566513335454156_5580531351285931983_n.jpg","datePublished":"2025-03-15T20:08:18+00:00","dateModified":"2025-06-03T16:46:30+00:00","breadcrumb":{"@id":"https:\/\/yerbamatefortuna.com\/index.php\/menta-limon-edicion-cristal\/#breadcrumb"},"inLanguage":"es","potentialAction":[{"@type":"ReadAction","target":["https:\/\/yerbamatefortuna.com\/index.php\/menta-limon-edicion-cristal\/"]}]},{"@type":"ImageObject","inLanguage":"es","@id":"https:\/\/yerbamatefortuna.com\/index.php\/menta-limon-edicion-cristal\/#primaryimage","url":"https:\/\/yerbamatefortuna.com\/wp-content\/uploads\/2025\/02\/cropped-337104331_566513335454156_5580531351285931983_n.jpg","contentUrl":"https:\/\/yerbamatefortuna.com\/wp-content\/uploads\/2025\/02\/cropped-337104331_566513335454156_5580531351285931983_n.jpg","width":542,"height":360},{"@type":"BreadcrumbList","@id":"https:\/\/yerbamatefortuna.com\/index.php\/menta-limon-edicion-cristal\/#breadcrumb","itemListElement":[{"@type":"ListItem","position":1,"name":"Portada","item":"https:\/\/yerbamatefortuna.com\/"},{"@type":"ListItem","position":2,"name":"Menta Lim\u00f3n Edici\u00f3n Cristal"}]},{"@type":"WebSite","@id":"https:\/\/yerbamatefortuna.com\/#website","url":"https:\/\/yerbamatefortuna.com\/","name":"Yerba Mate Fortuna","description":"Ser Feliz es la nuesva Fortuna","publisher":{"@id":"https:\/\/yerbamatefortuna.com\/#organization"},"potentialAction":[{"@type":"SearchAction","target":{"@type":"EntryPoint","urlTemplate":"https:\/\/yerbamatefortuna.com\/?s={search_term_string}"},"query-input":{"@type":"PropertyValueSpecification","valueRequired":true,"valueName":"search_term_string"}}],"inLanguage":"es"},{"@type":"Organization","@id":"https:\/\/yerbamatefortuna.com\/#organization","name":"Yerba Mate Fortuna","url":"https:\/\/yerbamatefortuna.com\/","logo":{"@type":"ImageObject","inLanguage":"es","@id":"https:\/\/yerbamatefortuna.com\/#\/schema\/logo\/image\/","url":"https:\/\/yerbamatefortuna.com\/wp-content\/uploads\/2025\/02\/cropped-yerba-mate-fortuna-web-logo-con-slogan.png","contentUrl":"https:\/\/yerbamatefortuna.com\/wp-content\/uploads\/2025\/02\/cropped-yerba-mate-fortuna-web-logo-con-slogan.png","width":1080,"height":927,"caption":"Yerba Mate Fortuna"},"image":{"@id":"https:\/\/yerbamatefortuna.com\/#\/schema\/logo\/image\/"}}]}},"_links":{"self":[{"href":"https:\/\/yerbamatefortuna.com\/index.php\/wp-json\/wp\/v2\/pages\/572","targetHints":{"allow":["GET"]}}],"collection":[{"href":"https:\/\/yerbamatefortuna.com\/index.php\/wp-json\/wp\/v2\/pages"}],"about":[{"href":"https:\/\/yerbamatefortuna.com\/index.php\/wp-json\/wp\/v2\/types\/page"}],"author":[{"embeddable":true,"href":"https:\/\/yerbamatefortuna.com\/index.php\/wp-json\/wp\/v2\/users\/1"}],"replies":[{"embeddable":true,"href":"https:\/\/yerbamatefortuna.com\/index.php\/wp-json\/wp\/v2\/comments?post=572"}],"version-history":[{"count":11,"href":"https:\/\/yerbamatefortuna.com\/index.php\/wp-json\/wp\/v2\/pages\/572\/revisions"}],"predecessor-version":[{"id":675,"href":"https:\/\/yerbamatefortuna.com\/index.php\/wp-json\/wp\/v2\/pages\/572\/revisions\/675"}],"wp:attachment":[{"href":"https:\/\/yerbamatefortuna.com\/index.php\/wp-json\/wp\/v2\/media?parent=572"}],"curies":[{"name":"wp","href":"https:\/\/api.w.org\/{rel}","templated":true}]}}