{"id":582,"date":"2025-03-18T18:55:45","date_gmt":"2025-03-18T18:55:45","guid":{"rendered":"https:\/\/yerbamatefortuna.com\/?page_id=582"},"modified":"2025-03-18T19:44:42","modified_gmt":"2025-03-18T19:44:42","slug":"anis-y-boldo","status":"publish","type":"page","link":"https:\/\/yerbamatefortuna.com\/index.php\/anis-y-boldo\/","title":{"rendered":"An\u00eds y Boldo"},"content":{"rendered":"\t\t<div data-elementor-type=\"wp-page\" data-elementor-id=\"582\" class=\"elementor elementor-582\">\n\t\t\t\t<div class=\"elementor-element elementor-element-cf2c4b3 e-flex e-con-boxed e-con e-parent\" data-id=\"cf2c4b3\" data-element_type=\"container\">\n\t\t\t\t\t<div class=\"e-con-inner\">\n\t\t\t\t<div class=\"elementor-element elementor-element-f9379e4 elementor-widget elementor-widget-heading\" data-id=\"f9379e4\" data-element_type=\"widget\" data-widget_type=\"heading.default\">\n\t\t\t\t<div class=\"elementor-widget-container\">\n\t\t\t\t\t<h2 class=\"elementor-heading-title elementor-size-default\">\ud83c\udf75 An\u00eds y Boldo \u2013 Un Cl\u00e1sico Reconfortante<\/h2>\t\t\t\t<\/div>\n\t\t\t\t<\/div>\n\t\t\t\t\t<\/div>\n\t\t\t\t<\/div>\n\t\t<div class=\"elementor-element elementor-element-40a33c6 e-grid e-con-full e-con e-parent\" data-id=\"40a33c6\" data-element_type=\"container\">\n\t\t\t\t<div class=\"elementor-element elementor-element-bcf482e elementor-widget elementor-widget-text-editor\" data-id=\"bcf482e\" data-element_type=\"widget\" data-widget_type=\"text-editor.default\">\n\t\t\t\t<div class=\"elementor-widget-container\">\n\t\t\t\t\t\t\t\t\t<h4 data-start=\"221\" data-end=\"269\"><strong data-start=\"226\" data-end=\"267\"><span>\ud83c\udf3f Un equilibrio de sabor y bienestar<\/span><\/strong><\/h4><p data-start=\"270\" data-end=\"519\"><span>Los fan\u00e1ticos del mate no podemos dejar de lado el <\/span><strong data-start=\"321\" data-end=\"329\"><span>an\u00eds<\/span><\/strong><span> , con su <\/span><strong data-start=\"338\" data-end=\"369\"><span>sabor dulz\u00f3n caracter\u00edstico<\/span><\/strong><span> , que junto al <\/span><strong data-start=\"384\" data-end=\"410\"><span>toque herbal del boldo<\/span><\/strong><span> , crean una yerba con un gusto <\/span><strong data-start=\"441\" data-end=\"462\"><span>\u00fanico y agradable<\/span><\/strong><span> , perfecta para disfrutar en cualquier momento del d\u00eda.<\/span><\/p><p data-start=\"521\" data-end=\"581\"><span>\ud83d\udce6 <\/span><strong data-start=\"524\" data-end=\"555\"><span>Presentaciones disponibles:<\/span><\/strong><span> 100g, 250g, 500g y 5kg.<\/span><\/p>\t\t\t\t\t\t\t\t<\/div>\n\t\t\t\t<\/div>\n\t\t\t\t<div class=\"elementor-element elementor-element-5404b35 elementor-widget elementor-widget-image\" data-id=\"5404b35\" data-element_type=\"widget\" data-widget_type=\"image.default\">\n\t\t\t\t<div class=\"elementor-widget-container\">\n\t\t\t\t\t\t\t\t\t\t\t\t\t\t\t<img fetchpriority=\"high\" decoding=\"async\" width=\"825\" height=\"1024\" src=\"https:\/\/yerbamatefortuna.com\/wp-content\/uploads\/2025\/02\/189359672_1730746140445853_8204859835609903845_n-825x1024.jpg\" class=\"attachment-large size-large wp-image-45\" alt=\"\" srcset=\"https:\/\/yerbamatefortuna.com\/wp-content\/uploads\/2025\/02\/189359672_1730746140445853_8204859835609903845_n-825x1024.jpg 825w, https:\/\/yerbamatefortuna.com\/wp-content\/uploads\/2025\/02\/189359672_1730746140445853_8204859835609903845_n-242x300.jpg 242w, https:\/\/yerbamatefortuna.com\/wp-content\/uploads\/2025\/02\/189359672_1730746140445853_8204859835609903845_n-768x953.jpg 768w, https:\/\/yerbamatefortuna.com\/wp-content\/uploads\/2025\/02\/189359672_1730746140445853_8204859835609903845_n.jpg 1080w\" sizes=\"(max-width: 825px) 100vw, 825px\" \/>\t\t\t\t\t\t\t\t\t\t\t\t\t\t\t<\/div>\n\t\t\t\t<\/div>\n\t\t\t\t<\/div>\n\t\t<div class=\"elementor-element elementor-element-cd89227 e-grid e-con-full e-con e-parent\" data-id=\"cd89227\" data-element_type=\"container\">\n\t\t\t\t<div class=\"elementor-element elementor-element-10f764f elementor-widget elementor-widget-text-editor\" data-id=\"10f764f\" data-element_type=\"widget\" data-widget_type=\"text-editor.default\">\n\t\t\t\t<div class=\"elementor-widget-container\">\n\t\t\t\t\t\t\t\t\t<h3 data-start=\"590\" data-end=\"633\"><strong data-start=\"594\" data-end=\"631\"><span>\ud83c\udf3f Beneficios de sus ingredientes<\/span><\/strong><\/h3><p data-start=\"634\" data-end=\"840\"><span>\ud83c\udf31 <\/span><strong data-start=\"637\" data-end=\"646\"><span>An\u00eds:<\/span><\/strong><span> Ayuda a la digesti\u00f3n y aporta un sabor naturalmente dulce. <\/span><br data-start=\"705\" data-end=\"708\" \/><span>\ud83c\udf43 <\/span><strong data-start=\"711\" data-end=\"721\"><span>Boldo:<\/span><\/strong><span> Conocido por sus propiedades digestivas y hep\u00e1ticas. <\/span><br data-start=\"774\" data-end=\"777\" \/><span>\ud83c\udf75Yerba <\/span><strong data-start=\"780\" data-end=\"795\"><span>mate:<\/span><\/strong><span> Fuente natural de energ\u00eda y antioxidantes.<\/span><\/p>\t\t\t\t\t\t\t\t<\/div>\n\t\t\t\t<\/div>\n\t\t\t\t<div class=\"elementor-element elementor-element-6f5ad36 elementor-widget elementor-widget-image\" data-id=\"6f5ad36\" data-element_type=\"widget\" data-widget_type=\"image.default\">\n\t\t\t\t<div class=\"elementor-widget-container\">\n\t\t\t\t\t\t\t\t\t\t\t\t\t\t\t<img decoding=\"async\" width=\"1024\" height=\"1024\" src=\"https:\/\/yerbamatefortuna.com\/wp-content\/uploads\/2025\/02\/cropped-49-1024x1024.png\" class=\"attachment-large size-large wp-image-501\" alt=\"\" srcset=\"https:\/\/yerbamatefortuna.com\/wp-content\/uploads\/2025\/02\/cropped-49-1024x1024.png 1024w, https:\/\/yerbamatefortuna.com\/wp-content\/uploads\/2025\/02\/cropped-49-300x300.png 300w, https:\/\/yerbamatefortuna.com\/wp-content\/uploads\/2025\/02\/cropped-49-150x150.png 150w, https:\/\/yerbamatefortuna.com\/wp-content\/uploads\/2025\/02\/cropped-49-768x768.png 768w, https:\/\/yerbamatefortuna.com\/wp-content\/uploads\/2025\/02\/cropped-49.png 1079w\" sizes=\"(max-width: 1024px) 100vw, 1024px\" \/>\t\t\t\t\t\t\t\t\t\t\t\t\t\t\t<\/div>\n\t\t\t\t<\/div>\n\t\t\t\t<\/div>\n\t\t<div class=\"elementor-element elementor-element-b3227c2 e-flex e-con-boxed e-con e-parent\" data-id=\"b3227c2\" data-element_type=\"container\">\n\t\t\t\t\t<div class=\"e-con-inner\">\n\t\t\t\t<div class=\"elementor-element elementor-element-38b8a28 elementor-widget elementor-widget-text-editor\" data-id=\"38b8a28\" data-element_type=\"widget\" data-widget_type=\"text-editor.default\">\n\t\t\t\t<div class=\"elementor-widget-container\">\n\t\t\t\t\t\t\t\t\t<h3 data-start=\"849\" data-end=\"880\"><strong data-start=\"853\" data-end=\"878\"><span>\ud83d\udca1\u00bfC\u00f3mo disfrutarlo?<\/span><\/strong><\/h3><p data-start=\"881\" data-end=\"1113\"><span>\u2705 <\/span><strong data-start=\"883\" data-end=\"895\"><span>En mate:<\/span><\/strong><span> Suave y arom\u00e1tico, perfecto para cualquier momento.<\/span><\/p>\t\t\t\t\t\t\t\t<\/div>\n\t\t\t\t<\/div>\n\t\t\t\t\t<\/div>\n\t\t\t\t<\/div>\n\t\t\t\t<\/div>\n\t\t","protected":false},"excerpt":{"rendered":"<p>\ud83c\udf75 An\u00eds y Boldo \u2013 Un Cl\u00e1sico Reconfortante \ud83c\udf3f Un equilibrio de sabor y bienestar Los fan\u00e1ticos del mate no podemos dejar de lado el an\u00eds , con su sabor dulz\u00f3n caracter\u00edstico , que junto al toque herbal del boldo , crean una yerba con un gusto \u00fanico y agradable , perfecta para disfrutar en&hellip; <br \/> <a class=\"read-more\" href=\"https:\/\/yerbamatefortuna.com\/index.php\/anis-y-boldo\/\">Leer m\u00e1s<\/a><\/p>\n","protected":false},"author":1,"featured_media":0,"parent":0,"menu_order":0,"comment_status":"closed","ping_status":"closed","template":"","meta":{"footnotes":""},"class_list":["post-582","page","type-page","status-publish","hentry"],"yoast_head":"<!-- This site is optimized with the Yoast SEO plugin v25.3.1 - https:\/\/yoast.com\/wordpress\/plugins\/seo\/ -->\n<title>An\u00eds y Boldo - Yerba Mate Fortuna<\/title>\n<meta name=\"robots\" content=\"index, follow, max-snippet:-1, max-image-preview:large, max-video-preview:-1\" \/>\n<link rel=\"canonical\" href=\"https:\/\/yerbamatefortuna.com\/index.php\/anis-y-boldo\/\" \/>\n<meta property=\"og:locale\" content=\"es_ES\" \/>\n<meta property=\"og:type\" content=\"article\" \/>\n<meta property=\"og:title\" content=\"An\u00eds y Boldo - Yerba Mate Fortuna\" \/>\n<meta property=\"og:description\" content=\"\ud83c\udf75 An\u00eds y Boldo \u2013 Un Cl\u00e1sico Reconfortante \ud83c\udf3f Un equilibrio de sabor y bienestar Los fan\u00e1ticos del mate no podemos dejar de lado el an\u00eds , con su sabor dulz\u00f3n caracter\u00edstico , que junto al toque herbal del boldo , crean una yerba con un gusto \u00fanico y agradable , perfecta para disfrutar en&hellip; Leer m\u00e1s\" \/>\n<meta property=\"og:url\" content=\"https:\/\/yerbamatefortuna.com\/index.php\/anis-y-boldo\/\" \/>\n<meta property=\"og:site_name\" content=\"Yerba Mate Fortuna\" \/>\n<meta property=\"article:modified_time\" content=\"2025-03-18T19:44:42+00:00\" \/>\n<meta property=\"og:image\" content=\"https:\/\/yerbamatefortuna.com\/wp-content\/uploads\/2025\/02\/189359672_1730746140445853_8204859835609903845_n.jpg\" \/>\n\t<meta property=\"og:image:width\" content=\"1080\" \/>\n\t<meta property=\"og:image:height\" content=\"1340\" \/>\n\t<meta property=\"og:image:type\" content=\"image\/jpeg\" \/>\n<meta name=\"twitter:card\" content=\"summary_large_image\" \/>\n<meta name=\"twitter:label1\" content=\"Tiempo de lectura\" \/>\n\t<meta name=\"twitter:data1\" content=\"1 minuto\" \/>\n<script type=\"application\/ld+json\" class=\"yoast-schema-graph\">{\"@context\":\"https:\/\/schema.org\",\"@graph\":[{\"@type\":\"WebPage\",\"@id\":\"https:\/\/yerbamatefortuna.com\/index.php\/anis-y-boldo\/\",\"url\":\"https:\/\/yerbamatefortuna.com\/index.php\/anis-y-boldo\/\",\"name\":\"An\u00eds y Boldo - Yerba Mate Fortuna\",\"isPartOf\":{\"@id\":\"https:\/\/yerbamatefortuna.com\/#website\"},\"primaryImageOfPage\":{\"@id\":\"https:\/\/yerbamatefortuna.com\/index.php\/anis-y-boldo\/#primaryimage\"},\"image\":{\"@id\":\"https:\/\/yerbamatefortuna.com\/index.php\/anis-y-boldo\/#primaryimage\"},\"thumbnailUrl\":\"https:\/\/yerbamatefortuna.com\/wp-content\/uploads\/2025\/02\/189359672_1730746140445853_8204859835609903845_n-825x1024.jpg\",\"datePublished\":\"2025-03-18T18:55:45+00:00\",\"dateModified\":\"2025-03-18T19:44:42+00:00\",\"breadcrumb\":{\"@id\":\"https:\/\/yerbamatefortuna.com\/index.php\/anis-y-boldo\/#breadcrumb\"},\"inLanguage\":\"es\",\"potentialAction\":[{\"@type\":\"ReadAction\",\"target\":[\"https:\/\/yerbamatefortuna.com\/index.php\/anis-y-boldo\/\"]}]},{\"@type\":\"ImageObject\",\"inLanguage\":\"es\",\"@id\":\"https:\/\/yerbamatefortuna.com\/index.php\/anis-y-boldo\/#primaryimage\",\"url\":\"https:\/\/yerbamatefortuna.com\/wp-content\/uploads\/2025\/02\/189359672_1730746140445853_8204859835609903845_n.jpg\",\"contentUrl\":\"https:\/\/yerbamatefortuna.com\/wp-content\/uploads\/2025\/02\/189359672_1730746140445853_8204859835609903845_n.jpg\",\"width\":1080,\"height\":1340},{\"@type\":\"BreadcrumbList\",\"@id\":\"https:\/\/yerbamatefortuna.com\/index.php\/anis-y-boldo\/#breadcrumb\",\"itemListElement\":[{\"@type\":\"ListItem\",\"position\":1,\"name\":\"Portada\",\"item\":\"https:\/\/yerbamatefortuna.com\/\"},{\"@type\":\"ListItem\",\"position\":2,\"name\":\"An\u00eds y Boldo\"}]},{\"@type\":\"WebSite\",\"@id\":\"https:\/\/yerbamatefortuna.com\/#website\",\"url\":\"https:\/\/yerbamatefortuna.com\/\",\"name\":\"Yerba Mate Fortuna\",\"description\":\"Ser Feliz es la nuesva Fortuna\",\"publisher\":{\"@id\":\"https:\/\/yerbamatefortuna.com\/#organization\"},\"potentialAction\":[{\"@type\":\"SearchAction\",\"target\":{\"@type\":\"EntryPoint\",\"urlTemplate\":\"https:\/\/yerbamatefortuna.com\/?s={search_term_string}\"},\"query-input\":{\"@type\":\"PropertyValueSpecification\",\"valueRequired\":true,\"valueName\":\"search_term_string\"}}],\"inLanguage\":\"es\"},{\"@type\":\"Organization\",\"@id\":\"https:\/\/yerbamatefortuna.com\/#organization\",\"name\":\"Yerba Mate Fortuna\",\"url\":\"https:\/\/yerbamatefortuna.com\/\",\"logo\":{\"@type\":\"ImageObject\",\"inLanguage\":\"es\",\"@id\":\"https:\/\/yerbamatefortuna.com\/#\/schema\/logo\/image\/\",\"url\":\"https:\/\/yerbamatefortuna.com\/wp-content\/uploads\/2025\/02\/cropped-yerba-mate-fortuna-web-logo-con-slogan.png\",\"contentUrl\":\"https:\/\/yerbamatefortuna.com\/wp-content\/uploads\/2025\/02\/cropped-yerba-mate-fortuna-web-logo-con-slogan.png\",\"width\":1080,\"height\":927,\"caption\":\"Yerba Mate Fortuna\"},\"image\":{\"@id\":\"https:\/\/yerbamatefortuna.com\/#\/schema\/logo\/image\/\"}}]}<\/script>\n<!-- \/ Yoast SEO plugin. -->","yoast_head_json":{"title":"An\u00eds y Boldo - Yerba Mate Fortuna","robots":{"index":"index","follow":"follow","max-snippet":"max-snippet:-1","max-image-preview":"max-image-preview:large","max-video-preview":"max-video-preview:-1"},"canonical":"https:\/\/yerbamatefortuna.com\/index.php\/anis-y-boldo\/","og_locale":"es_ES","og_type":"article","og_title":"An\u00eds y Boldo - Yerba Mate Fortuna","og_description":"\ud83c\udf75 An\u00eds y Boldo \u2013 Un Cl\u00e1sico Reconfortante \ud83c\udf3f Un equilibrio de sabor y bienestar Los fan\u00e1ticos del mate no podemos dejar de lado el an\u00eds , con su sabor dulz\u00f3n caracter\u00edstico , que junto al toque herbal del boldo , crean una yerba con un gusto \u00fanico y agradable , perfecta para disfrutar en&hellip; Leer m\u00e1s","og_url":"https:\/\/yerbamatefortuna.com\/index.php\/anis-y-boldo\/","og_site_name":"Yerba Mate Fortuna","article_modified_time":"2025-03-18T19:44:42+00:00","og_image":[{"width":1080,"height":1340,"url":"https:\/\/yerbamatefortuna.com\/wp-content\/uploads\/2025\/02\/189359672_1730746140445853_8204859835609903845_n.jpg","type":"image\/jpeg"}],"twitter_card":"summary_large_image","twitter_misc":{"Tiempo de lectura":"1 minuto"},"schema":{"@context":"https:\/\/schema.org","@graph":[{"@type":"WebPage","@id":"https:\/\/yerbamatefortuna.com\/index.php\/anis-y-boldo\/","url":"https:\/\/yerbamatefortuna.com\/index.php\/anis-y-boldo\/","name":"An\u00eds y Boldo - Yerba Mate Fortuna","isPartOf":{"@id":"https:\/\/yerbamatefortuna.com\/#website"},"primaryImageOfPage":{"@id":"https:\/\/yerbamatefortuna.com\/index.php\/anis-y-boldo\/#primaryimage"},"image":{"@id":"https:\/\/yerbamatefortuna.com\/index.php\/anis-y-boldo\/#primaryimage"},"thumbnailUrl":"https:\/\/yerbamatefortuna.com\/wp-content\/uploads\/2025\/02\/189359672_1730746140445853_8204859835609903845_n-825x1024.jpg","datePublished":"2025-03-18T18:55:45+00:00","dateModified":"2025-03-18T19:44:42+00:00","breadcrumb":{"@id":"https:\/\/yerbamatefortuna.com\/index.php\/anis-y-boldo\/#breadcrumb"},"inLanguage":"es","potentialAction":[{"@type":"ReadAction","target":["https:\/\/yerbamatefortuna.com\/index.php\/anis-y-boldo\/"]}]},{"@type":"ImageObject","inLanguage":"es","@id":"https:\/\/yerbamatefortuna.com\/index.php\/anis-y-boldo\/#primaryimage","url":"https:\/\/yerbamatefortuna.com\/wp-content\/uploads\/2025\/02\/189359672_1730746140445853_8204859835609903845_n.jpg","contentUrl":"https:\/\/yerbamatefortuna.com\/wp-content\/uploads\/2025\/02\/189359672_1730746140445853_8204859835609903845_n.jpg","width":1080,"height":1340},{"@type":"BreadcrumbList","@id":"https:\/\/yerbamatefortuna.com\/index.php\/anis-y-boldo\/#breadcrumb","itemListElement":[{"@type":"ListItem","position":1,"name":"Portada","item":"https:\/\/yerbamatefortuna.com\/"},{"@type":"ListItem","position":2,"name":"An\u00eds y Boldo"}]},{"@type":"WebSite","@id":"https:\/\/yerbamatefortuna.com\/#website","url":"https:\/\/yerbamatefortuna.com\/","name":"Yerba Mate Fortuna","description":"Ser Feliz es la nuesva Fortuna","publisher":{"@id":"https:\/\/yerbamatefortuna.com\/#organization"},"potentialAction":[{"@type":"SearchAction","target":{"@type":"EntryPoint","urlTemplate":"https:\/\/yerbamatefortuna.com\/?s={search_term_string}"},"query-input":{"@type":"PropertyValueSpecification","valueRequired":true,"valueName":"search_term_string"}}],"inLanguage":"es"},{"@type":"Organization","@id":"https:\/\/yerbamatefortuna.com\/#organization","name":"Yerba Mate Fortuna","url":"https:\/\/yerbamatefortuna.com\/","logo":{"@type":"ImageObject","inLanguage":"es","@id":"https:\/\/yerbamatefortuna.com\/#\/schema\/logo\/image\/","url":"https:\/\/yerbamatefortuna.com\/wp-content\/uploads\/2025\/02\/cropped-yerba-mate-fortuna-web-logo-con-slogan.png","contentUrl":"https:\/\/yerbamatefortuna.com\/wp-content\/uploads\/2025\/02\/cropped-yerba-mate-fortuna-web-logo-con-slogan.png","width":1080,"height":927,"caption":"Yerba Mate Fortuna"},"image":{"@id":"https:\/\/yerbamatefortuna.com\/#\/schema\/logo\/image\/"}}]}},"_links":{"self":[{"href":"https:\/\/yerbamatefortuna.com\/index.php\/wp-json\/wp\/v2\/pages\/582","targetHints":{"allow":["GET"]}}],"collection":[{"href":"https:\/\/yerbamatefortuna.com\/index.php\/wp-json\/wp\/v2\/pages"}],"about":[{"href":"https:\/\/yerbamatefortuna.com\/index.php\/wp-json\/wp\/v2\/types\/page"}],"author":[{"embeddable":true,"href":"https:\/\/yerbamatefortuna.com\/index.php\/wp-json\/wp\/v2\/users\/1"}],"replies":[{"embeddable":true,"href":"https:\/\/yerbamatefortuna.com\/index.php\/wp-json\/wp\/v2\/comments?post=582"}],"version-history":[{"count":4,"href":"https:\/\/yerbamatefortuna.com\/index.php\/wp-json\/wp\/v2\/pages\/582\/revisions"}],"predecessor-version":[{"id":624,"href":"https:\/\/yerbamatefortuna.com\/index.php\/wp-json\/wp\/v2\/pages\/582\/revisions\/624"}],"wp:attachment":[{"href":"https:\/\/yerbamatefortuna.com\/index.php\/wp-json\/wp\/v2\/media?parent=582"}],"curies":[{"name":"wp","href":"https:\/\/api.w.org\/{rel}","templated":true}]}}