{"id":583,"date":"2025-03-18T18:55:45","date_gmt":"2025-03-18T18:55:45","guid":{"rendered":"https:\/\/yerbamatefortuna.com\/?page_id=583"},"modified":"2025-03-18T19:52:43","modified_gmt":"2025-03-18T19:52:43","slug":"terere-restaurador","status":"publish","type":"page","link":"https:\/\/yerbamatefortuna.com\/index.php\/terere-restaurador\/","title":{"rendered":"Terer\u00e9 Restaurador"},"content":{"rendered":"\t\t<div data-elementor-type=\"wp-page\" data-elementor-id=\"583\" class=\"elementor elementor-583\">\n\t\t\t\t<div class=\"elementor-element elementor-element-cc78b7e e-flex e-con-boxed e-con e-parent\" data-id=\"cc78b7e\" data-element_type=\"container\">\n\t\t\t\t\t<div class=\"e-con-inner\">\n\t\t\t\t<div class=\"elementor-element elementor-element-120142e elementor-widget elementor-widget-heading\" data-id=\"120142e\" data-element_type=\"widget\" data-widget_type=\"heading.default\">\n\t\t\t\t<div class=\"elementor-widget-container\">\n\t\t\t\t\t<h2 class=\"elementor-heading-title elementor-size-default\">Terer\u00e9 Restaurador \u2013 La combinaci\u00f3n perfecta para revitalizarte<\/h2>\t\t\t\t<\/div>\n\t\t\t\t<\/div>\n\t\t\t\t\t<\/div>\n\t\t\t\t<\/div>\n\t\t<div class=\"elementor-element elementor-element-ab57b45 e-grid e-con-full e-con e-parent\" data-id=\"ab57b45\" data-element_type=\"container\">\n\t\t\t\t<div class=\"elementor-element elementor-element-d0554bd elementor-widget elementor-widget-text-editor\" data-id=\"d0554bd\" data-element_type=\"widget\" data-widget_type=\"text-editor.default\">\n\t\t\t\t<div class=\"elementor-widget-container\">\n\t\t\t\t\t\t\t\t\t<h4 data-start=\"251\" data-end=\"304\"><strong data-start=\"256\" data-end=\"302\"><span>\ud83c\udf3f Una mezcla \u00fanica de hierbas funcionales<\/span><\/strong><\/h4><p data-start=\"305\" data-end=\"788\"><span>La m\u00e1s completa de nuestras presentaciones ofrece una combinaci\u00f3n de hierbas cuidadosamente seleccionadas para ayudar a <\/span><strong data-start=\"427\" data-end=\"461\"><span>restaurar el cuerpo y la mente<\/span><\/strong><span> . Con el poder <\/span><strong data-start=\"476\" data-end=\"515\"><span>refrescante de la menta y el cedr\u00f3n<\/span><\/strong><span> , los <\/span><strong data-start=\"521\" data-end=\"554\"><span>beneficios hep\u00e1ticos del kok\u00fa<\/span><\/strong><span> , el <\/span><strong data-start=\"559\" data-end=\"610\"><span>t\u00f3nico arom\u00e1tico y digestivo de la yerba lucero<\/span><\/strong><span> , las <\/span><strong data-start=\"616\" data-end=\"684\"><span>propiedades diur\u00e9ticas y antiinflamatorias de la cola de caballo<\/span><\/strong><span> , y un <\/span><strong data-start=\"691\" data-end=\"720\"><span>toque de esencia de lim\u00f3n<\/span><\/strong><span> , esta mezcla brinda un <\/span><strong data-start=\"744\" data-end=\"765\"><span>sabor inigualable<\/span><\/strong><span> y beneficios \u00fanicos.<\/span><\/p><p data-start=\"790\" data-end=\"850\"><span>\ud83d\udce6 <\/span><strong data-start=\"793\" data-end=\"824\"><span>Presentaciones disponibles:<\/span><\/strong><span> 250g y 500g<\/span><\/p>\t\t\t\t\t\t\t\t<\/div>\n\t\t\t\t<\/div>\n\t\t\t\t<div class=\"elementor-element elementor-element-29c5b2a elementor-widget elementor-widget-image\" data-id=\"29c5b2a\" data-element_type=\"widget\" data-widget_type=\"image.default\">\n\t\t\t\t<div class=\"elementor-widget-container\">\n\t\t\t\t\t\t\t\t\t\t\t\t\t\t\t<img fetchpriority=\"high\" decoding=\"async\" width=\"819\" height=\"1024\" src=\"https:\/\/yerbamatefortuna.com\/wp-content\/uploads\/2025\/03\/SaveClip.App_366622178_3494240134166367_8481264362145357007_n-819x1024.jpg\" class=\"attachment-large size-large wp-image-626\" alt=\"\" srcset=\"https:\/\/yerbamatefortuna.com\/wp-content\/uploads\/2025\/03\/SaveClip.App_366622178_3494240134166367_8481264362145357007_n-819x1024.jpg 819w, https:\/\/yerbamatefortuna.com\/wp-content\/uploads\/2025\/03\/SaveClip.App_366622178_3494240134166367_8481264362145357007_n-240x300.jpg 240w, https:\/\/yerbamatefortuna.com\/wp-content\/uploads\/2025\/03\/SaveClip.App_366622178_3494240134166367_8481264362145357007_n-768x960.jpg 768w, https:\/\/yerbamatefortuna.com\/wp-content\/uploads\/2025\/03\/SaveClip.App_366622178_3494240134166367_8481264362145357007_n-1024x1280.jpg 1024w, https:\/\/yerbamatefortuna.com\/wp-content\/uploads\/2025\/03\/SaveClip.App_366622178_3494240134166367_8481264362145357007_n-864x1080.jpg 864w, https:\/\/yerbamatefortuna.com\/wp-content\/uploads\/2025\/03\/SaveClip.App_366622178_3494240134166367_8481264362145357007_n.jpg 1080w\" sizes=\"(max-width: 819px) 100vw, 819px\" \/>\t\t\t\t\t\t\t\t\t\t\t\t\t\t\t<\/div>\n\t\t\t\t<\/div>\n\t\t\t\t<\/div>\n\t\t<div class=\"elementor-element elementor-element-4b9a78b e-grid e-con-full e-con e-parent\" data-id=\"4b9a78b\" data-element_type=\"container\">\n\t\t\t\t<div class=\"elementor-element elementor-element-0d3c0af elementor-widget elementor-widget-text-editor\" data-id=\"0d3c0af\" data-element_type=\"widget\" data-widget_type=\"text-editor.default\">\n\t\t\t\t<div class=\"elementor-widget-container\">\n\t\t\t\t\t\t\t\t\t<h3 data-start=\"859\" data-end=\"902\"><strong data-start=\"863\" data-end=\"900\"><span>\ud83c\udf3f Beneficios de sus ingredientes<\/span><\/strong><\/h3><p data-start=\"903\" data-end=\"1226\"><span>\ud83c\udf43 <\/span><strong data-start=\"906\" data-end=\"925\"><span>Menta y cedr\u00f3n:<\/span><\/strong><span> Refrescantes y digestivos. <\/span><br data-start=\"952\" data-end=\"955\" \/><span>\ud83c\udf31 <\/span><strong data-start=\"958\" data-end=\"967\"><span>Kok\u00fa:<\/span><\/strong><span> Contribuye a la salud hep\u00e1tica. <\/span><br data-start=\"999\" data-end=\"1002\" \/><span>\ud83c\udf75Yerba <\/span><strong data-start=\"1005\" data-end=\"1022\"><span>lucero:<\/span><\/strong><span> Estimula la digesti\u00f3n y aporta un toque arom\u00e1tico. <\/span><br data-start=\"1073\" data-end=\"1076\" \/><span>\ud83d\udca7Cola <\/span><strong data-start=\"1079\" data-end=\"1099\"><span>de caballo:<\/span><\/strong><span> Propiedades diur\u00e9ticas y antiinflamatorias. <\/span><br data-start=\"1143\" data-end=\"1146\" \/><span>\ud83c\udf4b <\/span><strong data-start=\"1149\" data-end=\"1170\"><span>Esencia de lim\u00f3n:<\/span><\/strong><span> Potencia el sabor y refuerza el sistema inmunol\u00f3gico.<\/span><\/p>\t\t\t\t\t\t\t\t<\/div>\n\t\t\t\t<\/div>\n\t\t\t\t<div class=\"elementor-element elementor-element-e0455f4 elementor-widget elementor-widget-image\" data-id=\"e0455f4\" data-element_type=\"widget\" data-widget_type=\"image.default\">\n\t\t\t\t<div class=\"elementor-widget-container\">\n\t\t\t\t\t\t\t\t\t\t\t\t\t\t\t<img decoding=\"async\" width=\"1024\" height=\"1024\" src=\"https:\/\/yerbamatefortuna.com\/wp-content\/uploads\/2025\/02\/cropped-102-1024x1024.png\" class=\"attachment-large size-large wp-image-502\" alt=\"\" srcset=\"https:\/\/yerbamatefortuna.com\/wp-content\/uploads\/2025\/02\/cropped-102-1024x1024.png 1024w, https:\/\/yerbamatefortuna.com\/wp-content\/uploads\/2025\/02\/cropped-102-300x300.png 300w, https:\/\/yerbamatefortuna.com\/wp-content\/uploads\/2025\/02\/cropped-102-150x150.png 150w, https:\/\/yerbamatefortuna.com\/wp-content\/uploads\/2025\/02\/cropped-102-768x768.png 768w, https:\/\/yerbamatefortuna.com\/wp-content\/uploads\/2025\/02\/cropped-102.png 1079w\" sizes=\"(max-width: 1024px) 100vw, 1024px\" \/>\t\t\t\t\t\t\t\t\t\t\t\t\t\t\t<\/div>\n\t\t\t\t<\/div>\n\t\t\t\t<\/div>\n\t\t<div class=\"elementor-element elementor-element-4708110 e-flex e-con-boxed e-con e-parent\" data-id=\"4708110\" data-element_type=\"container\">\n\t\t\t\t\t<div class=\"e-con-inner\">\n\t\t\t\t<div class=\"elementor-element elementor-element-d6bb8d6 elementor-widget elementor-widget-text-editor\" data-id=\"d6bb8d6\" data-element_type=\"widget\" data-widget_type=\"text-editor.default\">\n\t\t\t\t<div class=\"elementor-widget-container\">\n\t\t\t\t\t\t\t\t\t<h3 data-start=\"1235\" data-end=\"1266\"><strong data-start=\"1239\" data-end=\"1264\"><span>\ud83d\udca1\u00bfC\u00f3mo disfrutarlo?<\/span><\/strong><\/h3><p data-start=\"1267\" data-end=\"1530\"><span>\u2705 <\/span><strong data-start=\"1269\" data-end=\"1283\"><span>En terer\u00e9:<\/span><\/strong><span> Refrescante y revitalizante, ideal para el d\u00eda a d\u00eda. <\/span><br data-start=\"1337\" data-end=\"1340\" \/><span>\u2705 <\/span><strong data-start=\"1342\" data-end=\"1354\"><span>En mate:<\/span><\/strong><span> Su sabor herbal lo hace perfecto para quienes buscan algo diferente. <\/span><br data-start=\"1423\" data-end=\"1426\" \/><span>\u2705 <\/span><strong data-start=\"1428\" data-end=\"1458\"><span>Despu\u00e9s de un d\u00eda agitado:<\/span><\/strong><span> La combinaci\u00f3n de hierbas ayuda a restaurar el equilibrio del cuerpo.<\/span><\/p>\t\t\t\t\t\t\t\t<\/div>\n\t\t\t\t<\/div>\n\t\t\t\t\t<\/div>\n\t\t\t\t<\/div>\n\t\t\t\t<\/div>\n\t\t","protected":false},"excerpt":{"rendered":"<p>Terer\u00e9 Restaurador \u2013 La combinaci\u00f3n perfecta para revitalizarte \ud83c\udf3f Una mezcla \u00fanica de hierbas funcionales La m\u00e1s completa de nuestras presentaciones ofrece una combinaci\u00f3n de hierbas cuidadosamente seleccionadas para ayudar a restaurar el cuerpo y la mente . Con el poder refrescante de la menta y el cedr\u00f3n , los beneficios hep\u00e1ticos del kok\u00fa ,&hellip; <br \/> <a class=\"read-more\" href=\"https:\/\/yerbamatefortuna.com\/index.php\/terere-restaurador\/\">Leer m\u00e1s<\/a><\/p>\n","protected":false},"author":1,"featured_media":0,"parent":0,"menu_order":0,"comment_status":"closed","ping_status":"closed","template":"","meta":{"footnotes":""},"class_list":["post-583","page","type-page","status-publish","hentry"],"yoast_head":"<!-- This site is optimized with the Yoast SEO plugin v25.3.1 - https:\/\/yoast.com\/wordpress\/plugins\/seo\/ -->\n<title>Terer\u00e9 Restaurador - Yerba Mate Fortuna<\/title>\n<meta name=\"robots\" content=\"index, follow, max-snippet:-1, max-image-preview:large, max-video-preview:-1\" \/>\n<link rel=\"canonical\" href=\"https:\/\/yerbamatefortuna.com\/index.php\/terere-restaurador\/\" \/>\n<meta property=\"og:locale\" content=\"es_ES\" \/>\n<meta property=\"og:type\" content=\"article\" \/>\n<meta property=\"og:title\" content=\"Terer\u00e9 Restaurador - Yerba Mate Fortuna\" \/>\n<meta property=\"og:description\" content=\"Terer\u00e9 Restaurador \u2013 La combinaci\u00f3n perfecta para revitalizarte \ud83c\udf3f Una mezcla \u00fanica de hierbas funcionales La m\u00e1s completa de nuestras presentaciones ofrece una combinaci\u00f3n de hierbas cuidadosamente seleccionadas para ayudar a restaurar el cuerpo y la mente . Con el poder refrescante de la menta y el cedr\u00f3n , los beneficios hep\u00e1ticos del kok\u00fa ,&hellip; Leer m\u00e1s\" \/>\n<meta property=\"og:url\" content=\"https:\/\/yerbamatefortuna.com\/index.php\/terere-restaurador\/\" \/>\n<meta property=\"og:site_name\" content=\"Yerba Mate Fortuna\" \/>\n<meta property=\"article:modified_time\" content=\"2025-03-18T19:52:43+00:00\" \/>\n<meta property=\"og:image\" content=\"https:\/\/yerbamatefortuna.com\/wp-content\/uploads\/2025\/03\/SaveClip.App_366622178_3494240134166367_8481264362145357007_n.jpg\" \/>\n\t<meta property=\"og:image:width\" content=\"1080\" \/>\n\t<meta property=\"og:image:height\" content=\"1350\" \/>\n\t<meta property=\"og:image:type\" content=\"image\/jpeg\" \/>\n<meta name=\"twitter:card\" content=\"summary_large_image\" \/>\n<meta name=\"twitter:label1\" content=\"Tiempo de lectura\" \/>\n\t<meta name=\"twitter:data1\" content=\"2 minutos\" \/>\n<script type=\"application\/ld+json\" class=\"yoast-schema-graph\">{\"@context\":\"https:\/\/schema.org\",\"@graph\":[{\"@type\":\"WebPage\",\"@id\":\"https:\/\/yerbamatefortuna.com\/index.php\/terere-restaurador\/\",\"url\":\"https:\/\/yerbamatefortuna.com\/index.php\/terere-restaurador\/\",\"name\":\"Terer\u00e9 Restaurador - Yerba Mate Fortuna\",\"isPartOf\":{\"@id\":\"https:\/\/yerbamatefortuna.com\/#website\"},\"primaryImageOfPage\":{\"@id\":\"https:\/\/yerbamatefortuna.com\/index.php\/terere-restaurador\/#primaryimage\"},\"image\":{\"@id\":\"https:\/\/yerbamatefortuna.com\/index.php\/terere-restaurador\/#primaryimage\"},\"thumbnailUrl\":\"https:\/\/yerbamatefortuna.com\/wp-content\/uploads\/2025\/03\/SaveClip.App_366622178_3494240134166367_8481264362145357007_n-819x1024.jpg\",\"datePublished\":\"2025-03-18T18:55:45+00:00\",\"dateModified\":\"2025-03-18T19:52:43+00:00\",\"breadcrumb\":{\"@id\":\"https:\/\/yerbamatefortuna.com\/index.php\/terere-restaurador\/#breadcrumb\"},\"inLanguage\":\"es\",\"potentialAction\":[{\"@type\":\"ReadAction\",\"target\":[\"https:\/\/yerbamatefortuna.com\/index.php\/terere-restaurador\/\"]}]},{\"@type\":\"ImageObject\",\"inLanguage\":\"es\",\"@id\":\"https:\/\/yerbamatefortuna.com\/index.php\/terere-restaurador\/#primaryimage\",\"url\":\"https:\/\/yerbamatefortuna.com\/wp-content\/uploads\/2025\/03\/SaveClip.App_366622178_3494240134166367_8481264362145357007_n.jpg\",\"contentUrl\":\"https:\/\/yerbamatefortuna.com\/wp-content\/uploads\/2025\/03\/SaveClip.App_366622178_3494240134166367_8481264362145357007_n.jpg\",\"width\":1080,\"height\":1350},{\"@type\":\"BreadcrumbList\",\"@id\":\"https:\/\/yerbamatefortuna.com\/index.php\/terere-restaurador\/#breadcrumb\",\"itemListElement\":[{\"@type\":\"ListItem\",\"position\":1,\"name\":\"Portada\",\"item\":\"https:\/\/yerbamatefortuna.com\/\"},{\"@type\":\"ListItem\",\"position\":2,\"name\":\"Terer\u00e9 Restaurador\"}]},{\"@type\":\"WebSite\",\"@id\":\"https:\/\/yerbamatefortuna.com\/#website\",\"url\":\"https:\/\/yerbamatefortuna.com\/\",\"name\":\"Yerba Mate Fortuna\",\"description\":\"Ser Feliz es la nuesva Fortuna\",\"publisher\":{\"@id\":\"https:\/\/yerbamatefortuna.com\/#organization\"},\"potentialAction\":[{\"@type\":\"SearchAction\",\"target\":{\"@type\":\"EntryPoint\",\"urlTemplate\":\"https:\/\/yerbamatefortuna.com\/?s={search_term_string}\"},\"query-input\":{\"@type\":\"PropertyValueSpecification\",\"valueRequired\":true,\"valueName\":\"search_term_string\"}}],\"inLanguage\":\"es\"},{\"@type\":\"Organization\",\"@id\":\"https:\/\/yerbamatefortuna.com\/#organization\",\"name\":\"Yerba Mate Fortuna\",\"url\":\"https:\/\/yerbamatefortuna.com\/\",\"logo\":{\"@type\":\"ImageObject\",\"inLanguage\":\"es\",\"@id\":\"https:\/\/yerbamatefortuna.com\/#\/schema\/logo\/image\/\",\"url\":\"https:\/\/yerbamatefortuna.com\/wp-content\/uploads\/2025\/02\/cropped-yerba-mate-fortuna-web-logo-con-slogan.png\",\"contentUrl\":\"https:\/\/yerbamatefortuna.com\/wp-content\/uploads\/2025\/02\/cropped-yerba-mate-fortuna-web-logo-con-slogan.png\",\"width\":1080,\"height\":927,\"caption\":\"Yerba Mate Fortuna\"},\"image\":{\"@id\":\"https:\/\/yerbamatefortuna.com\/#\/schema\/logo\/image\/\"}}]}<\/script>\n<!-- \/ Yoast SEO plugin. -->","yoast_head_json":{"title":"Terer\u00e9 Restaurador - Yerba Mate Fortuna","robots":{"index":"index","follow":"follow","max-snippet":"max-snippet:-1","max-image-preview":"max-image-preview:large","max-video-preview":"max-video-preview:-1"},"canonical":"https:\/\/yerbamatefortuna.com\/index.php\/terere-restaurador\/","og_locale":"es_ES","og_type":"article","og_title":"Terer\u00e9 Restaurador - Yerba Mate Fortuna","og_description":"Terer\u00e9 Restaurador \u2013 La combinaci\u00f3n perfecta para revitalizarte \ud83c\udf3f Una mezcla \u00fanica de hierbas funcionales La m\u00e1s completa de nuestras presentaciones ofrece una combinaci\u00f3n de hierbas cuidadosamente seleccionadas para ayudar a restaurar el cuerpo y la mente . Con el poder refrescante de la menta y el cedr\u00f3n , los beneficios hep\u00e1ticos del kok\u00fa ,&hellip; Leer m\u00e1s","og_url":"https:\/\/yerbamatefortuna.com\/index.php\/terere-restaurador\/","og_site_name":"Yerba Mate Fortuna","article_modified_time":"2025-03-18T19:52:43+00:00","og_image":[{"width":1080,"height":1350,"url":"https:\/\/yerbamatefortuna.com\/wp-content\/uploads\/2025\/03\/SaveClip.App_366622178_3494240134166367_8481264362145357007_n.jpg","type":"image\/jpeg"}],"twitter_card":"summary_large_image","twitter_misc":{"Tiempo de lectura":"2 minutos"},"schema":{"@context":"https:\/\/schema.org","@graph":[{"@type":"WebPage","@id":"https:\/\/yerbamatefortuna.com\/index.php\/terere-restaurador\/","url":"https:\/\/yerbamatefortuna.com\/index.php\/terere-restaurador\/","name":"Terer\u00e9 Restaurador - Yerba Mate Fortuna","isPartOf":{"@id":"https:\/\/yerbamatefortuna.com\/#website"},"primaryImageOfPage":{"@id":"https:\/\/yerbamatefortuna.com\/index.php\/terere-restaurador\/#primaryimage"},"image":{"@id":"https:\/\/yerbamatefortuna.com\/index.php\/terere-restaurador\/#primaryimage"},"thumbnailUrl":"https:\/\/yerbamatefortuna.com\/wp-content\/uploads\/2025\/03\/SaveClip.App_366622178_3494240134166367_8481264362145357007_n-819x1024.jpg","datePublished":"2025-03-18T18:55:45+00:00","dateModified":"2025-03-18T19:52:43+00:00","breadcrumb":{"@id":"https:\/\/yerbamatefortuna.com\/index.php\/terere-restaurador\/#breadcrumb"},"inLanguage":"es","potentialAction":[{"@type":"ReadAction","target":["https:\/\/yerbamatefortuna.com\/index.php\/terere-restaurador\/"]}]},{"@type":"ImageObject","inLanguage":"es","@id":"https:\/\/yerbamatefortuna.com\/index.php\/terere-restaurador\/#primaryimage","url":"https:\/\/yerbamatefortuna.com\/wp-content\/uploads\/2025\/03\/SaveClip.App_366622178_3494240134166367_8481264362145357007_n.jpg","contentUrl":"https:\/\/yerbamatefortuna.com\/wp-content\/uploads\/2025\/03\/SaveClip.App_366622178_3494240134166367_8481264362145357007_n.jpg","width":1080,"height":1350},{"@type":"BreadcrumbList","@id":"https:\/\/yerbamatefortuna.com\/index.php\/terere-restaurador\/#breadcrumb","itemListElement":[{"@type":"ListItem","position":1,"name":"Portada","item":"https:\/\/yerbamatefortuna.com\/"},{"@type":"ListItem","position":2,"name":"Terer\u00e9 Restaurador"}]},{"@type":"WebSite","@id":"https:\/\/yerbamatefortuna.com\/#website","url":"https:\/\/yerbamatefortuna.com\/","name":"Yerba Mate Fortuna","description":"Ser Feliz es la nuesva Fortuna","publisher":{"@id":"https:\/\/yerbamatefortuna.com\/#organization"},"potentialAction":[{"@type":"SearchAction","target":{"@type":"EntryPoint","urlTemplate":"https:\/\/yerbamatefortuna.com\/?s={search_term_string}"},"query-input":{"@type":"PropertyValueSpecification","valueRequired":true,"valueName":"search_term_string"}}],"inLanguage":"es"},{"@type":"Organization","@id":"https:\/\/yerbamatefortuna.com\/#organization","name":"Yerba Mate Fortuna","url":"https:\/\/yerbamatefortuna.com\/","logo":{"@type":"ImageObject","inLanguage":"es","@id":"https:\/\/yerbamatefortuna.com\/#\/schema\/logo\/image\/","url":"https:\/\/yerbamatefortuna.com\/wp-content\/uploads\/2025\/02\/cropped-yerba-mate-fortuna-web-logo-con-slogan.png","contentUrl":"https:\/\/yerbamatefortuna.com\/wp-content\/uploads\/2025\/02\/cropped-yerba-mate-fortuna-web-logo-con-slogan.png","width":1080,"height":927,"caption":"Yerba Mate Fortuna"},"image":{"@id":"https:\/\/yerbamatefortuna.com\/#\/schema\/logo\/image\/"}}]}},"_links":{"self":[{"href":"https:\/\/yerbamatefortuna.com\/index.php\/wp-json\/wp\/v2\/pages\/583","targetHints":{"allow":["GET"]}}],"collection":[{"href":"https:\/\/yerbamatefortuna.com\/index.php\/wp-json\/wp\/v2\/pages"}],"about":[{"href":"https:\/\/yerbamatefortuna.com\/index.php\/wp-json\/wp\/v2\/types\/page"}],"author":[{"embeddable":true,"href":"https:\/\/yerbamatefortuna.com\/index.php\/wp-json\/wp\/v2\/users\/1"}],"replies":[{"embeddable":true,"href":"https:\/\/yerbamatefortuna.com\/index.php\/wp-json\/wp\/v2\/comments?post=583"}],"version-history":[{"count":4,"href":"https:\/\/yerbamatefortuna.com\/index.php\/wp-json\/wp\/v2\/pages\/583\/revisions"}],"predecessor-version":[{"id":629,"href":"https:\/\/yerbamatefortuna.com\/index.php\/wp-json\/wp\/v2\/pages\/583\/revisions\/629"}],"wp:attachment":[{"href":"https:\/\/yerbamatefortuna.com\/index.php\/wp-json\/wp\/v2\/media?parent=583"}],"curies":[{"name":"wp","href":"https:\/\/api.w.org\/{rel}","templated":true}]}}