{"id":584,"date":"2025-03-18T18:55:45","date_gmt":"2025-03-18T18:55:45","guid":{"rendered":"https:\/\/yerbamatefortuna.com\/?page_id=584"},"modified":"2025-03-18T19:39:56","modified_gmt":"2025-03-18T19:39:56","slug":"frutos-rojos","status":"publish","type":"page","link":"https:\/\/yerbamatefortuna.com\/index.php\/frutos-rojos\/","title":{"rendered":"Frutos Rojos"},"content":{"rendered":"\t\t<div data-elementor-type=\"wp-page\" data-elementor-id=\"584\" class=\"elementor elementor-584\">\n\t\t\t\t<div class=\"elementor-element elementor-element-1140d87 e-flex e-con-boxed e-con e-parent\" data-id=\"1140d87\" data-element_type=\"container\">\n\t\t\t\t\t<div class=\"e-con-inner\">\n\t\t\t\t<div class=\"elementor-element elementor-element-4012fbb elementor-widget elementor-widget-heading\" data-id=\"4012fbb\" data-element_type=\"widget\" data-widget_type=\"heading.default\">\n\t\t\t\t<div class=\"elementor-widget-container\">\n\t\t\t\t\t<h2 class=\"elementor-heading-title elementor-size-default\">\ud83c\udf47 Frutos Rojos \u2013 Suavidad y frescura en cada mate<\/h2>\t\t\t\t<\/div>\n\t\t\t\t<\/div>\n\t\t\t\t\t<\/div>\n\t\t\t\t<\/div>\n\t\t<div class=\"elementor-element elementor-element-16c03ed e-grid e-con-full e-con e-parent\" data-id=\"16c03ed\" data-element_type=\"container\">\n\t\t\t\t<div class=\"elementor-element elementor-element-86b7015 elementor-widget elementor-widget-text-editor\" data-id=\"86b7015\" data-element_type=\"widget\" data-widget_type=\"text-editor.default\">\n\t\t\t\t<div class=\"elementor-widget-container\">\n\t\t\t\t\t\t\t\t\t<h4 data-start=\"239\" data-end=\"281\"><strong data-start=\"244\" data-end=\"279\"><span>\ud83c\udf3f Un sabor \u00fanico y equilibrado<\/span><\/strong><\/h4><p data-start=\"282\" data-end=\"643\"><span>Para aquellos que buscan una <\/span><strong data-start=\"311\" data-end=\"336\"><span>experiencia diferente<\/span><\/strong><span> , esta yerba combina una molienda <\/span><strong data-start=\"370\" data-end=\"408\"><span>suave, con mayor cantidad de palos<\/span><\/strong><span> , una hoja estacionada y <\/span><strong data-start=\"433\" data-end=\"452\"><span>cola de caballo<\/span><\/strong><span> , que potencia su <\/span><strong data-start=\"470\" data-end=\"489\"><span>poder diur\u00e9tico<\/span><\/strong><span> . La combinaci\u00f3n con frutos rojos le da un sabor <\/span><strong data-start=\"538\" data-end=\"568\"><span>ligeramente dulce y frutal<\/span><\/strong><span> , ideal para quienes disfrutan de un mate o terer\u00e9 con un toque especial.<\/span><\/p><p data-start=\"645\" data-end=\"705\"><span>\ud83d\udce6 <\/span><strong data-start=\"648\" data-end=\"679\"><span>Presentaciones disponibles:<\/span><\/strong><span>\u00a0 250g y 500g<\/span><\/p>\t\t\t\t\t\t\t\t<\/div>\n\t\t\t\t<\/div>\n\t\t\t\t<div class=\"elementor-element elementor-element-64e3e3e elementor-widget elementor-widget-image\" data-id=\"64e3e3e\" data-element_type=\"widget\" data-widget_type=\"image.default\">\n\t\t\t\t<div class=\"elementor-widget-container\">\n\t\t\t\t\t\t\t\t\t\t\t\t\t\t\t<img fetchpriority=\"high\" decoding=\"async\" width=\"1024\" height=\"1024\" src=\"https:\/\/yerbamatefortuna.com\/wp-content\/uploads\/2025\/03\/SaveClip.App_471629916_18485204014008339_7297211399114777780_n-1024x1024.jpg\" class=\"attachment-large size-large wp-image-618\" alt=\"\" srcset=\"https:\/\/yerbamatefortuna.com\/wp-content\/uploads\/2025\/03\/SaveClip.App_471629916_18485204014008339_7297211399114777780_n-1024x1024.jpg 1024w, https:\/\/yerbamatefortuna.com\/wp-content\/uploads\/2025\/03\/SaveClip.App_471629916_18485204014008339_7297211399114777780_n-300x300.jpg 300w, https:\/\/yerbamatefortuna.com\/wp-content\/uploads\/2025\/03\/SaveClip.App_471629916_18485204014008339_7297211399114777780_n-150x150.jpg 150w, https:\/\/yerbamatefortuna.com\/wp-content\/uploads\/2025\/03\/SaveClip.App_471629916_18485204014008339_7297211399114777780_n-768x768.jpg 768w, https:\/\/yerbamatefortuna.com\/wp-content\/uploads\/2025\/03\/SaveClip.App_471629916_18485204014008339_7297211399114777780_n.jpg 1080w\" sizes=\"(max-width: 1024px) 100vw, 1024px\" \/>\t\t\t\t\t\t\t\t\t\t\t\t\t\t\t<\/div>\n\t\t\t\t<\/div>\n\t\t\t\t<\/div>\n\t\t<div class=\"elementor-element elementor-element-87f6eb1 e-grid e-con-full e-con e-parent\" data-id=\"87f6eb1\" data-element_type=\"container\">\n\t\t\t\t<div class=\"elementor-element elementor-element-9ba26ce elementor-widget elementor-widget-text-editor\" data-id=\"9ba26ce\" data-element_type=\"widget\" data-widget_type=\"text-editor.default\">\n\t\t\t\t<div class=\"elementor-widget-container\">\n\t\t\t\t\t\t\t\t\t<h3 data-start=\"714\" data-end=\"757\"><strong data-start=\"718\" data-end=\"755\"><span>\ud83c\udf52 Beneficios de sus ingredientes<\/span><\/strong><\/h3><p data-start=\"758\" data-end=\"1006\"><span>\ud83c\udf3f <\/span><strong data-start=\"761\" data-end=\"790\"><span>Yerba mate con m\u00e1s palos:<\/span><\/strong><span> Suaviza el sabor y reduce la acidez. <\/span><br data-start=\"827\" data-end=\"830\" \/><span>\ud83d\udca7 <\/span><strong data-start=\"833\" data-end=\"853\"><span>Cola de Caballo:<\/span><\/strong><span> Potente diur\u00e9tico natural que favorece la eliminaci\u00f3n de toxinas. <\/span><br data-start=\"919\" data-end=\"922\" \/><span>\ud83c\udf53 <\/span><strong data-start=\"925\" data-end=\"942\"><span>Frutos Rojos:<\/span><\/strong><span> Ricos en antioxidantes, aportan un toque dulce y refrescante.<\/span><\/p>\t\t\t\t\t\t\t\t<\/div>\n\t\t\t\t<\/div>\n\t\t\t\t<div class=\"elementor-element elementor-element-3310c65 elementor-widget elementor-widget-image\" data-id=\"3310c65\" data-element_type=\"widget\" data-widget_type=\"image.default\">\n\t\t\t\t<div class=\"elementor-widget-container\">\n\t\t\t\t\t\t\t\t\t\t\t\t\t\t\t<img decoding=\"async\" width=\"1024\" height=\"1024\" src=\"https:\/\/yerbamatefortuna.com\/wp-content\/uploads\/2025\/02\/cropped-57-1024x1024.png\" class=\"attachment-large size-large wp-image-504\" alt=\"\" srcset=\"https:\/\/yerbamatefortuna.com\/wp-content\/uploads\/2025\/02\/cropped-57-1024x1024.png 1024w, https:\/\/yerbamatefortuna.com\/wp-content\/uploads\/2025\/02\/cropped-57-300x300.png 300w, https:\/\/yerbamatefortuna.com\/wp-content\/uploads\/2025\/02\/cropped-57-150x150.png 150w, https:\/\/yerbamatefortuna.com\/wp-content\/uploads\/2025\/02\/cropped-57-768x768.png 768w, https:\/\/yerbamatefortuna.com\/wp-content\/uploads\/2025\/02\/cropped-57.png 1079w\" sizes=\"(max-width: 1024px) 100vw, 1024px\" \/>\t\t\t\t\t\t\t\t\t\t\t\t\t\t\t<\/div>\n\t\t\t\t<\/div>\n\t\t\t\t<\/div>\n\t\t<div class=\"elementor-element elementor-element-04bedf6 e-flex e-con-boxed e-con e-parent\" data-id=\"04bedf6\" data-element_type=\"container\">\n\t\t\t\t\t<div class=\"e-con-inner\">\n\t\t\t\t<div class=\"elementor-element elementor-element-01cc970 elementor-widget elementor-widget-text-editor\" data-id=\"01cc970\" data-element_type=\"widget\" data-widget_type=\"text-editor.default\">\n\t\t\t\t<div class=\"elementor-widget-container\">\n\t\t\t\t\t\t\t\t\t<h3 data-start=\"1015\" data-end=\"1046\"><strong data-start=\"1019\" data-end=\"1044\"><span>\ud83d\udca1\u00bfC\u00f3mo disfrutarlo?<\/span><\/strong><\/h3><p data-start=\"1047\" data-end=\"1271\"><span>\u2705 <\/span><strong data-start=\"1049\" data-end=\"1063\"><span>En terer\u00e9:<\/span><\/strong><span> Perfecto con hielo y rodajas de frutilla o ar\u00e1ndanos. <\/span><br data-start=\"1117\" data-end=\"1120\" \/><span>\u2705 <\/span><strong data-start=\"1122\" data-end=\"1134\"><span>En mate:<\/span><\/strong><span> Aporta suavidad y un toque frutal irresistible.<\/span><\/p>\t\t\t\t\t\t\t\t<\/div>\n\t\t\t\t<\/div>\n\t\t\t\t\t<\/div>\n\t\t\t\t<\/div>\n\t\t\t\t<\/div>\n\t\t","protected":false},"excerpt":{"rendered":"<p>\ud83c\udf47 Frutos Rojos \u2013 Suavidad y frescura en cada mate \ud83c\udf3f Un sabor \u00fanico y equilibrado Para aquellos que buscan una experiencia diferente , esta yerba combina una molienda suave, con mayor cantidad de palos , una hoja estacionada y cola de caballo , que potencia su poder diur\u00e9tico . La combinaci\u00f3n con frutos rojos&hellip; <br \/> <a class=\"read-more\" href=\"https:\/\/yerbamatefortuna.com\/index.php\/frutos-rojos\/\">Leer m\u00e1s<\/a><\/p>\n","protected":false},"author":1,"featured_media":0,"parent":0,"menu_order":0,"comment_status":"closed","ping_status":"closed","template":"","meta":{"footnotes":""},"class_list":["post-584","page","type-page","status-publish","hentry"],"yoast_head":"<!-- This site is optimized with the Yoast SEO plugin v25.3.1 - https:\/\/yoast.com\/wordpress\/plugins\/seo\/ -->\n<title>Frutos Rojos - Yerba Mate Fortuna<\/title>\n<meta name=\"robots\" content=\"index, follow, max-snippet:-1, max-image-preview:large, max-video-preview:-1\" \/>\n<link rel=\"canonical\" href=\"https:\/\/yerbamatefortuna.com\/index.php\/frutos-rojos\/\" \/>\n<meta property=\"og:locale\" content=\"es_ES\" \/>\n<meta property=\"og:type\" content=\"article\" \/>\n<meta property=\"og:title\" content=\"Frutos Rojos - Yerba Mate Fortuna\" \/>\n<meta property=\"og:description\" content=\"\ud83c\udf47 Frutos Rojos \u2013 Suavidad y frescura en cada mate \ud83c\udf3f Un sabor \u00fanico y equilibrado Para aquellos que buscan una experiencia diferente , esta yerba combina una molienda suave, con mayor cantidad de palos , una hoja estacionada y cola de caballo , que potencia su poder diur\u00e9tico . La combinaci\u00f3n con frutos rojos&hellip; Leer m\u00e1s\" \/>\n<meta property=\"og:url\" content=\"https:\/\/yerbamatefortuna.com\/index.php\/frutos-rojos\/\" \/>\n<meta property=\"og:site_name\" content=\"Yerba Mate Fortuna\" \/>\n<meta property=\"article:modified_time\" content=\"2025-03-18T19:39:56+00:00\" \/>\n<meta property=\"og:image\" content=\"https:\/\/yerbamatefortuna.com\/wp-content\/uploads\/2025\/03\/SaveClip.App_471629916_18485204014008339_7297211399114777780_n.jpg\" \/>\n\t<meta property=\"og:image:width\" content=\"1080\" \/>\n\t<meta property=\"og:image:height\" content=\"1080\" \/>\n\t<meta property=\"og:image:type\" content=\"image\/jpeg\" \/>\n<meta name=\"twitter:card\" content=\"summary_large_image\" \/>\n<meta name=\"twitter:label1\" content=\"Tiempo de lectura\" \/>\n\t<meta name=\"twitter:data1\" content=\"2 minutos\" \/>\n<script type=\"application\/ld+json\" class=\"yoast-schema-graph\">{\"@context\":\"https:\/\/schema.org\",\"@graph\":[{\"@type\":\"WebPage\",\"@id\":\"https:\/\/yerbamatefortuna.com\/index.php\/frutos-rojos\/\",\"url\":\"https:\/\/yerbamatefortuna.com\/index.php\/frutos-rojos\/\",\"name\":\"Frutos Rojos - Yerba Mate Fortuna\",\"isPartOf\":{\"@id\":\"https:\/\/yerbamatefortuna.com\/#website\"},\"primaryImageOfPage\":{\"@id\":\"https:\/\/yerbamatefortuna.com\/index.php\/frutos-rojos\/#primaryimage\"},\"image\":{\"@id\":\"https:\/\/yerbamatefortuna.com\/index.php\/frutos-rojos\/#primaryimage\"},\"thumbnailUrl\":\"https:\/\/yerbamatefortuna.com\/wp-content\/uploads\/2025\/03\/SaveClip.App_471629916_18485204014008339_7297211399114777780_n-1024x1024.jpg\",\"datePublished\":\"2025-03-18T18:55:45+00:00\",\"dateModified\":\"2025-03-18T19:39:56+00:00\",\"breadcrumb\":{\"@id\":\"https:\/\/yerbamatefortuna.com\/index.php\/frutos-rojos\/#breadcrumb\"},\"inLanguage\":\"es\",\"potentialAction\":[{\"@type\":\"ReadAction\",\"target\":[\"https:\/\/yerbamatefortuna.com\/index.php\/frutos-rojos\/\"]}]},{\"@type\":\"ImageObject\",\"inLanguage\":\"es\",\"@id\":\"https:\/\/yerbamatefortuna.com\/index.php\/frutos-rojos\/#primaryimage\",\"url\":\"https:\/\/yerbamatefortuna.com\/wp-content\/uploads\/2025\/03\/SaveClip.App_471629916_18485204014008339_7297211399114777780_n.jpg\",\"contentUrl\":\"https:\/\/yerbamatefortuna.com\/wp-content\/uploads\/2025\/03\/SaveClip.App_471629916_18485204014008339_7297211399114777780_n.jpg\",\"width\":1080,\"height\":1080},{\"@type\":\"BreadcrumbList\",\"@id\":\"https:\/\/yerbamatefortuna.com\/index.php\/frutos-rojos\/#breadcrumb\",\"itemListElement\":[{\"@type\":\"ListItem\",\"position\":1,\"name\":\"Portada\",\"item\":\"https:\/\/yerbamatefortuna.com\/\"},{\"@type\":\"ListItem\",\"position\":2,\"name\":\"Frutos Rojos\"}]},{\"@type\":\"WebSite\",\"@id\":\"https:\/\/yerbamatefortuna.com\/#website\",\"url\":\"https:\/\/yerbamatefortuna.com\/\",\"name\":\"Yerba Mate Fortuna\",\"description\":\"Ser Feliz es la nuesva Fortuna\",\"publisher\":{\"@id\":\"https:\/\/yerbamatefortuna.com\/#organization\"},\"potentialAction\":[{\"@type\":\"SearchAction\",\"target\":{\"@type\":\"EntryPoint\",\"urlTemplate\":\"https:\/\/yerbamatefortuna.com\/?s={search_term_string}\"},\"query-input\":{\"@type\":\"PropertyValueSpecification\",\"valueRequired\":true,\"valueName\":\"search_term_string\"}}],\"inLanguage\":\"es\"},{\"@type\":\"Organization\",\"@id\":\"https:\/\/yerbamatefortuna.com\/#organization\",\"name\":\"Yerba Mate Fortuna\",\"url\":\"https:\/\/yerbamatefortuna.com\/\",\"logo\":{\"@type\":\"ImageObject\",\"inLanguage\":\"es\",\"@id\":\"https:\/\/yerbamatefortuna.com\/#\/schema\/logo\/image\/\",\"url\":\"https:\/\/yerbamatefortuna.com\/wp-content\/uploads\/2025\/02\/cropped-yerba-mate-fortuna-web-logo-con-slogan.png\",\"contentUrl\":\"https:\/\/yerbamatefortuna.com\/wp-content\/uploads\/2025\/02\/cropped-yerba-mate-fortuna-web-logo-con-slogan.png\",\"width\":1080,\"height\":927,\"caption\":\"Yerba Mate Fortuna\"},\"image\":{\"@id\":\"https:\/\/yerbamatefortuna.com\/#\/schema\/logo\/image\/\"}}]}<\/script>\n<!-- \/ Yoast SEO plugin. -->","yoast_head_json":{"title":"Frutos Rojos - Yerba Mate Fortuna","robots":{"index":"index","follow":"follow","max-snippet":"max-snippet:-1","max-image-preview":"max-image-preview:large","max-video-preview":"max-video-preview:-1"},"canonical":"https:\/\/yerbamatefortuna.com\/index.php\/frutos-rojos\/","og_locale":"es_ES","og_type":"article","og_title":"Frutos Rojos - Yerba Mate Fortuna","og_description":"\ud83c\udf47 Frutos Rojos \u2013 Suavidad y frescura en cada mate \ud83c\udf3f Un sabor \u00fanico y equilibrado Para aquellos que buscan una experiencia diferente , esta yerba combina una molienda suave, con mayor cantidad de palos , una hoja estacionada y cola de caballo , que potencia su poder diur\u00e9tico . La combinaci\u00f3n con frutos rojos&hellip; Leer m\u00e1s","og_url":"https:\/\/yerbamatefortuna.com\/index.php\/frutos-rojos\/","og_site_name":"Yerba Mate Fortuna","article_modified_time":"2025-03-18T19:39:56+00:00","og_image":[{"width":1080,"height":1080,"url":"https:\/\/yerbamatefortuna.com\/wp-content\/uploads\/2025\/03\/SaveClip.App_471629916_18485204014008339_7297211399114777780_n.jpg","type":"image\/jpeg"}],"twitter_card":"summary_large_image","twitter_misc":{"Tiempo de lectura":"2 minutos"},"schema":{"@context":"https:\/\/schema.org","@graph":[{"@type":"WebPage","@id":"https:\/\/yerbamatefortuna.com\/index.php\/frutos-rojos\/","url":"https:\/\/yerbamatefortuna.com\/index.php\/frutos-rojos\/","name":"Frutos Rojos - Yerba Mate Fortuna","isPartOf":{"@id":"https:\/\/yerbamatefortuna.com\/#website"},"primaryImageOfPage":{"@id":"https:\/\/yerbamatefortuna.com\/index.php\/frutos-rojos\/#primaryimage"},"image":{"@id":"https:\/\/yerbamatefortuna.com\/index.php\/frutos-rojos\/#primaryimage"},"thumbnailUrl":"https:\/\/yerbamatefortuna.com\/wp-content\/uploads\/2025\/03\/SaveClip.App_471629916_18485204014008339_7297211399114777780_n-1024x1024.jpg","datePublished":"2025-03-18T18:55:45+00:00","dateModified":"2025-03-18T19:39:56+00:00","breadcrumb":{"@id":"https:\/\/yerbamatefortuna.com\/index.php\/frutos-rojos\/#breadcrumb"},"inLanguage":"es","potentialAction":[{"@type":"ReadAction","target":["https:\/\/yerbamatefortuna.com\/index.php\/frutos-rojos\/"]}]},{"@type":"ImageObject","inLanguage":"es","@id":"https:\/\/yerbamatefortuna.com\/index.php\/frutos-rojos\/#primaryimage","url":"https:\/\/yerbamatefortuna.com\/wp-content\/uploads\/2025\/03\/SaveClip.App_471629916_18485204014008339_7297211399114777780_n.jpg","contentUrl":"https:\/\/yerbamatefortuna.com\/wp-content\/uploads\/2025\/03\/SaveClip.App_471629916_18485204014008339_7297211399114777780_n.jpg","width":1080,"height":1080},{"@type":"BreadcrumbList","@id":"https:\/\/yerbamatefortuna.com\/index.php\/frutos-rojos\/#breadcrumb","itemListElement":[{"@type":"ListItem","position":1,"name":"Portada","item":"https:\/\/yerbamatefortuna.com\/"},{"@type":"ListItem","position":2,"name":"Frutos Rojos"}]},{"@type":"WebSite","@id":"https:\/\/yerbamatefortuna.com\/#website","url":"https:\/\/yerbamatefortuna.com\/","name":"Yerba Mate Fortuna","description":"Ser Feliz es la nuesva Fortuna","publisher":{"@id":"https:\/\/yerbamatefortuna.com\/#organization"},"potentialAction":[{"@type":"SearchAction","target":{"@type":"EntryPoint","urlTemplate":"https:\/\/yerbamatefortuna.com\/?s={search_term_string}"},"query-input":{"@type":"PropertyValueSpecification","valueRequired":true,"valueName":"search_term_string"}}],"inLanguage":"es"},{"@type":"Organization","@id":"https:\/\/yerbamatefortuna.com\/#organization","name":"Yerba Mate Fortuna","url":"https:\/\/yerbamatefortuna.com\/","logo":{"@type":"ImageObject","inLanguage":"es","@id":"https:\/\/yerbamatefortuna.com\/#\/schema\/logo\/image\/","url":"https:\/\/yerbamatefortuna.com\/wp-content\/uploads\/2025\/02\/cropped-yerba-mate-fortuna-web-logo-con-slogan.png","contentUrl":"https:\/\/yerbamatefortuna.com\/wp-content\/uploads\/2025\/02\/cropped-yerba-mate-fortuna-web-logo-con-slogan.png","width":1080,"height":927,"caption":"Yerba Mate Fortuna"},"image":{"@id":"https:\/\/yerbamatefortuna.com\/#\/schema\/logo\/image\/"}}]}},"_links":{"self":[{"href":"https:\/\/yerbamatefortuna.com\/index.php\/wp-json\/wp\/v2\/pages\/584","targetHints":{"allow":["GET"]}}],"collection":[{"href":"https:\/\/yerbamatefortuna.com\/index.php\/wp-json\/wp\/v2\/pages"}],"about":[{"href":"https:\/\/yerbamatefortuna.com\/index.php\/wp-json\/wp\/v2\/types\/page"}],"author":[{"embeddable":true,"href":"https:\/\/yerbamatefortuna.com\/index.php\/wp-json\/wp\/v2\/users\/1"}],"replies":[{"embeddable":true,"href":"https:\/\/yerbamatefortuna.com\/index.php\/wp-json\/wp\/v2\/comments?post=584"}],"version-history":[{"count":4,"href":"https:\/\/yerbamatefortuna.com\/index.php\/wp-json\/wp\/v2\/pages\/584\/revisions"}],"predecessor-version":[{"id":621,"href":"https:\/\/yerbamatefortuna.com\/index.php\/wp-json\/wp\/v2\/pages\/584\/revisions\/621"}],"wp:attachment":[{"href":"https:\/\/yerbamatefortuna.com\/index.php\/wp-json\/wp\/v2\/media?parent=584"}],"curies":[{"name":"wp","href":"https:\/\/api.w.org\/{rel}","templated":true}]}}