{"id":636,"date":"2025-03-18T20:11:18","date_gmt":"2025-03-18T20:11:18","guid":{"rendered":"https:\/\/yerbamatefortuna.com\/?page_id=636"},"modified":"2025-03-18T20:38:47","modified_gmt":"2025-03-18T20:38:47","slug":"menta-y-boldo","status":"publish","type":"page","link":"https:\/\/yerbamatefortuna.com\/index.php\/menta-y-boldo\/","title":{"rendered":"Menta y Boldo"},"content":{"rendered":"\t\t<div data-elementor-type=\"wp-page\" data-elementor-id=\"636\" class=\"elementor elementor-636\">\n\t\t\t\t<div class=\"elementor-element elementor-element-6bedbee e-flex e-con-boxed e-con e-parent\" data-id=\"6bedbee\" data-element_type=\"container\">\n\t\t\t\t\t<div class=\"e-con-inner\">\n\t\t\t\t<div class=\"elementor-element elementor-element-3e22e68 elementor-widget elementor-widget-heading\" data-id=\"3e22e68\" data-element_type=\"widget\" data-widget_type=\"heading.default\">\n\t\t\t\t<div class=\"elementor-widget-container\">\n\t\t\t\t\t<h2 class=\"elementor-heading-title elementor-size-default\">\ud83c\udf43 Menta &amp; Boldo \u2013 Frescura y bienestar en cada sorbo<\/h2>\t\t\t\t<\/div>\n\t\t\t\t<\/div>\n\t\t\t\t\t<\/div>\n\t\t\t\t<\/div>\n\t\t<div class=\"elementor-element elementor-element-a64e9cb e-grid e-con-full e-con e-parent\" data-id=\"a64e9cb\" data-element_type=\"container\">\n\t\t\t\t<div class=\"elementor-element elementor-element-7dae103 elementor-widget elementor-widget-text-editor\" data-id=\"7dae103\" data-element_type=\"widget\" data-widget_type=\"text-editor.default\">\n\t\t\t\t<div class=\"elementor-widget-container\">\n\t\t\t\t\t\t\t\t\t<h4 data-start=\"233\" data-end=\"286\"><strong data-start=\"238\" data-end=\"284\"><span>\ud83c\udf31 Un cl\u00e1sico preferido por los paraguayos<\/span><\/strong><\/h4><p data-start=\"287\" data-end=\"589\"><span>La combinaci\u00f3n de <\/span><strong data-start=\"305\" data-end=\"322\"><span>menta y boldo<\/span><\/strong><span> es una de las m\u00e1s elegidas en Paraguay por su <\/span><strong data-start=\"369\" data-end=\"404\"><span>sabor refrescante y equilibrado<\/span><\/strong><span> , ideal tanto para el mate como para el terer\u00e9. Mientras la menta aporta frescura y suavidad, el boldo realza la mezcla con sus propiedades digestivas y un toque herbal inconfundible.<\/span><\/p><p data-start=\"591\" data-end=\"651\"><span>\ud83d\udce6 <\/span><strong data-start=\"594\" data-end=\"625\"><span>Presentaciones disponibles:<\/span><\/strong><span> 100g, 250g, 500g y 5kg.<\/span><\/p>\t\t\t\t\t\t\t\t<\/div>\n\t\t\t\t<\/div>\n\t\t\t\t<div class=\"elementor-element elementor-element-24aec3f elementor-widget elementor-widget-image\" data-id=\"24aec3f\" data-element_type=\"widget\" data-widget_type=\"image.default\">\n\t\t\t\t<div class=\"elementor-widget-container\">\n\t\t\t\t\t\t\t\t\t\t\t\t\t\t\t<img fetchpriority=\"high\" decoding=\"async\" width=\"1024\" height=\"1024\" src=\"https:\/\/yerbamatefortuna.com\/wp-content\/uploads\/2025\/03\/fortuna-menta-limon-1024x1024.png\" class=\"attachment-large size-large wp-image-646\" alt=\"\" srcset=\"https:\/\/yerbamatefortuna.com\/wp-content\/uploads\/2025\/03\/fortuna-menta-limon-1024x1024.png 1024w, https:\/\/yerbamatefortuna.com\/wp-content\/uploads\/2025\/03\/fortuna-menta-limon-300x300.png 300w, https:\/\/yerbamatefortuna.com\/wp-content\/uploads\/2025\/03\/fortuna-menta-limon-150x150.png 150w, https:\/\/yerbamatefortuna.com\/wp-content\/uploads\/2025\/03\/fortuna-menta-limon-768x768.png 768w, https:\/\/yerbamatefortuna.com\/wp-content\/uploads\/2025\/03\/fortuna-menta-limon.png 1080w\" sizes=\"(max-width: 1024px) 100vw, 1024px\" \/>\t\t\t\t\t\t\t\t\t\t\t\t\t\t\t<\/div>\n\t\t\t\t<\/div>\n\t\t\t\t<\/div>\n\t\t<div class=\"elementor-element elementor-element-15fbe1d e-grid e-con-full e-con e-parent\" data-id=\"15fbe1d\" data-element_type=\"container\">\n\t\t\t\t<div class=\"elementor-element elementor-element-2d8c75c elementor-widget elementor-widget-text-editor\" data-id=\"2d8c75c\" data-element_type=\"widget\" data-widget_type=\"text-editor.default\">\n\t\t\t\t<div class=\"elementor-widget-container\">\n\t\t\t\t\t\t\t\t\t<h3 data-start=\"660\" data-end=\"703\"><strong data-start=\"664\" data-end=\"701\"><span>\ud83c\udf43 Beneficios de sus ingredientes<\/span><\/strong><\/h3><p data-start=\"705\" data-end=\"882\"><span>\u2705 <\/span><strong data-start=\"707\" data-end=\"717\"><span>Menta:<\/span><\/strong><span> Aporta una sensaci\u00f3n refrescante y ayuda a mejorar la digesti\u00f3n. <\/span><br data-start=\"782\" data-end=\"785\" \/><span>\u2705 <\/span><strong data-start=\"787\" data-end=\"797\"><span>Boldo:<\/span><\/strong><span> Conocido por sus propiedades digestivas y hep\u00e1ticas, ayuda al bienestar estomacal.<\/span><\/p>\t\t\t\t\t\t\t\t<\/div>\n\t\t\t\t<\/div>\n\t\t\t\t<div class=\"elementor-element elementor-element-7f2ce08 elementor-widget elementor-widget-image\" data-id=\"7f2ce08\" data-element_type=\"widget\" data-widget_type=\"image.default\">\n\t\t\t\t<div class=\"elementor-widget-container\">\n\t\t\t\t\t\t\t\t\t\t\t\t\t\t\t<img decoding=\"async\" width=\"1024\" height=\"1024\" src=\"https:\/\/yerbamatefortuna.com\/wp-content\/uploads\/2025\/02\/cropped-211-1024x1024.png\" class=\"attachment-large size-large wp-image-505\" alt=\"\" srcset=\"https:\/\/yerbamatefortuna.com\/wp-content\/uploads\/2025\/02\/cropped-211-1024x1024.png 1024w, https:\/\/yerbamatefortuna.com\/wp-content\/uploads\/2025\/02\/cropped-211-300x300.png 300w, https:\/\/yerbamatefortuna.com\/wp-content\/uploads\/2025\/02\/cropped-211-150x150.png 150w, https:\/\/yerbamatefortuna.com\/wp-content\/uploads\/2025\/02\/cropped-211-768x768.png 768w, https:\/\/yerbamatefortuna.com\/wp-content\/uploads\/2025\/02\/cropped-211.png 1079w\" sizes=\"(max-width: 1024px) 100vw, 1024px\" \/>\t\t\t\t\t\t\t\t\t\t\t\t\t\t\t<\/div>\n\t\t\t\t<\/div>\n\t\t\t\t<\/div>\n\t\t<div class=\"elementor-element elementor-element-f351ca9 e-flex e-con-boxed e-con e-parent\" data-id=\"f351ca9\" data-element_type=\"container\">\n\t\t\t\t\t<div class=\"e-con-inner\">\n\t\t\t\t<div class=\"elementor-element elementor-element-c5016fe elementor-widget elementor-widget-text-editor\" data-id=\"c5016fe\" data-element_type=\"widget\" data-widget_type=\"text-editor.default\">\n\t\t\t\t<div class=\"elementor-widget-container\">\n\t\t\t\t\t\t\t\t\t<h3 data-start=\"891\" data-end=\"930\"><strong data-start=\"895\" data-end=\"928\"><span>\ud83d\udca1 C\u00f3mo disfrutarla al m\u00e1ximo<\/span><\/strong><\/h3><p data-start=\"931\" data-end=\"1148\"><span>\u2714 <\/span><strong data-start=\"933\" data-end=\"953\"><span>En mate caliente<\/span><\/strong><span> , para quienes buscan un sabor herbal intenso. <\/span><br data-start=\"999\" data-end=\"1002\" \/><span>\u2714 <\/span><strong data-start=\"1004\" data-end=\"1027\"><span>En terer\u00e9 bien fr\u00edo<\/span><\/strong><span> , ideal para los d\u00edas calurosos y refrescantes. <\/span><br data-start=\"1074\" data-end=\"1077\" \/><span>\u2714 <\/span><strong data-start=\"1079\" data-end=\"1111\"><span>Con un toque de lim\u00f3n o miel<\/span><\/strong><span> , para realzar sus notas naturales.<\/span><\/p><p data-start=\"1150\" data-end=\"1216\"><span>Disfruta de una combinaci\u00f3n cl\u00e1sica que nunca pasa de moda. \ud83c\udf3f\ud83c\udf75<\/span><\/p>\t\t\t\t\t\t\t\t<\/div>\n\t\t\t\t<\/div>\n\t\t\t\t\t<\/div>\n\t\t\t\t<\/div>\n\t\t\t\t<\/div>\n\t\t","protected":false},"excerpt":{"rendered":"<p>\ud83c\udf43 Menta &amp; Boldo \u2013 Frescura y bienestar en cada sorbo \ud83c\udf31 Un cl\u00e1sico preferido por los paraguayos La combinaci\u00f3n de menta y boldo es una de las m\u00e1s elegidas en Paraguay por su sabor refrescante y equilibrado , ideal tanto para el mate como para el terer\u00e9. Mientras la menta aporta frescura y suavidad,&hellip; <br \/> <a class=\"read-more\" href=\"https:\/\/yerbamatefortuna.com\/index.php\/menta-y-boldo\/\">Leer m\u00e1s<\/a><\/p>\n","protected":false},"author":1,"featured_media":0,"parent":0,"menu_order":0,"comment_status":"closed","ping_status":"closed","template":"","meta":{"footnotes":""},"class_list":["post-636","page","type-page","status-publish","hentry"],"yoast_head":"<!-- This site is optimized with the Yoast SEO plugin v25.3.1 - https:\/\/yoast.com\/wordpress\/plugins\/seo\/ -->\n<title>Menta y Boldo - Yerba Mate Fortuna<\/title>\n<meta name=\"robots\" content=\"index, follow, max-snippet:-1, max-image-preview:large, max-video-preview:-1\" \/>\n<link rel=\"canonical\" href=\"https:\/\/yerbamatefortuna.com\/index.php\/menta-y-boldo\/\" \/>\n<meta property=\"og:locale\" content=\"es_ES\" \/>\n<meta property=\"og:type\" content=\"article\" \/>\n<meta property=\"og:title\" content=\"Menta y Boldo - Yerba Mate Fortuna\" \/>\n<meta property=\"og:description\" content=\"\ud83c\udf43 Menta &amp; Boldo \u2013 Frescura y bienestar en cada sorbo \ud83c\udf31 Un cl\u00e1sico preferido por los paraguayos La combinaci\u00f3n de menta y boldo es una de las m\u00e1s elegidas en Paraguay por su sabor refrescante y equilibrado , ideal tanto para el mate como para el terer\u00e9. Mientras la menta aporta frescura y suavidad,&hellip; Leer m\u00e1s\" \/>\n<meta property=\"og:url\" content=\"https:\/\/yerbamatefortuna.com\/index.php\/menta-y-boldo\/\" \/>\n<meta property=\"og:site_name\" content=\"Yerba Mate Fortuna\" \/>\n<meta property=\"article:modified_time\" content=\"2025-03-18T20:38:47+00:00\" \/>\n<meta property=\"og:image\" content=\"https:\/\/yerbamatefortuna.com\/wp-content\/uploads\/2025\/03\/fortuna-menta-limon.png\" \/>\n\t<meta property=\"og:image:width\" content=\"1080\" \/>\n\t<meta property=\"og:image:height\" content=\"1080\" \/>\n\t<meta property=\"og:image:type\" content=\"image\/png\" \/>\n<meta name=\"twitter:card\" content=\"summary_large_image\" \/>\n<meta name=\"twitter:label1\" content=\"Tiempo de lectura\" \/>\n\t<meta name=\"twitter:data1\" content=\"2 minutos\" \/>\n<script type=\"application\/ld+json\" class=\"yoast-schema-graph\">{\"@context\":\"https:\/\/schema.org\",\"@graph\":[{\"@type\":\"WebPage\",\"@id\":\"https:\/\/yerbamatefortuna.com\/index.php\/menta-y-boldo\/\",\"url\":\"https:\/\/yerbamatefortuna.com\/index.php\/menta-y-boldo\/\",\"name\":\"Menta y Boldo - Yerba Mate Fortuna\",\"isPartOf\":{\"@id\":\"https:\/\/yerbamatefortuna.com\/#website\"},\"primaryImageOfPage\":{\"@id\":\"https:\/\/yerbamatefortuna.com\/index.php\/menta-y-boldo\/#primaryimage\"},\"image\":{\"@id\":\"https:\/\/yerbamatefortuna.com\/index.php\/menta-y-boldo\/#primaryimage\"},\"thumbnailUrl\":\"https:\/\/yerbamatefortuna.com\/wp-content\/uploads\/2025\/03\/fortuna-menta-limon-1024x1024.png\",\"datePublished\":\"2025-03-18T20:11:18+00:00\",\"dateModified\":\"2025-03-18T20:38:47+00:00\",\"breadcrumb\":{\"@id\":\"https:\/\/yerbamatefortuna.com\/index.php\/menta-y-boldo\/#breadcrumb\"},\"inLanguage\":\"es\",\"potentialAction\":[{\"@type\":\"ReadAction\",\"target\":[\"https:\/\/yerbamatefortuna.com\/index.php\/menta-y-boldo\/\"]}]},{\"@type\":\"ImageObject\",\"inLanguage\":\"es\",\"@id\":\"https:\/\/yerbamatefortuna.com\/index.php\/menta-y-boldo\/#primaryimage\",\"url\":\"https:\/\/yerbamatefortuna.com\/wp-content\/uploads\/2025\/03\/fortuna-menta-limon.png\",\"contentUrl\":\"https:\/\/yerbamatefortuna.com\/wp-content\/uploads\/2025\/03\/fortuna-menta-limon.png\",\"width\":1080,\"height\":1080},{\"@type\":\"BreadcrumbList\",\"@id\":\"https:\/\/yerbamatefortuna.com\/index.php\/menta-y-boldo\/#breadcrumb\",\"itemListElement\":[{\"@type\":\"ListItem\",\"position\":1,\"name\":\"Portada\",\"item\":\"https:\/\/yerbamatefortuna.com\/\"},{\"@type\":\"ListItem\",\"position\":2,\"name\":\"Menta y Boldo\"}]},{\"@type\":\"WebSite\",\"@id\":\"https:\/\/yerbamatefortuna.com\/#website\",\"url\":\"https:\/\/yerbamatefortuna.com\/\",\"name\":\"Yerba Mate Fortuna\",\"description\":\"Ser Feliz es la nuesva Fortuna\",\"publisher\":{\"@id\":\"https:\/\/yerbamatefortuna.com\/#organization\"},\"potentialAction\":[{\"@type\":\"SearchAction\",\"target\":{\"@type\":\"EntryPoint\",\"urlTemplate\":\"https:\/\/yerbamatefortuna.com\/?s={search_term_string}\"},\"query-input\":{\"@type\":\"PropertyValueSpecification\",\"valueRequired\":true,\"valueName\":\"search_term_string\"}}],\"inLanguage\":\"es\"},{\"@type\":\"Organization\",\"@id\":\"https:\/\/yerbamatefortuna.com\/#organization\",\"name\":\"Yerba Mate Fortuna\",\"url\":\"https:\/\/yerbamatefortuna.com\/\",\"logo\":{\"@type\":\"ImageObject\",\"inLanguage\":\"es\",\"@id\":\"https:\/\/yerbamatefortuna.com\/#\/schema\/logo\/image\/\",\"url\":\"https:\/\/yerbamatefortuna.com\/wp-content\/uploads\/2025\/02\/cropped-yerba-mate-fortuna-web-logo-con-slogan.png\",\"contentUrl\":\"https:\/\/yerbamatefortuna.com\/wp-content\/uploads\/2025\/02\/cropped-yerba-mate-fortuna-web-logo-con-slogan.png\",\"width\":1080,\"height\":927,\"caption\":\"Yerba Mate Fortuna\"},\"image\":{\"@id\":\"https:\/\/yerbamatefortuna.com\/#\/schema\/logo\/image\/\"}}]}<\/script>\n<!-- \/ Yoast SEO plugin. -->","yoast_head_json":{"title":"Menta y Boldo - Yerba Mate Fortuna","robots":{"index":"index","follow":"follow","max-snippet":"max-snippet:-1","max-image-preview":"max-image-preview:large","max-video-preview":"max-video-preview:-1"},"canonical":"https:\/\/yerbamatefortuna.com\/index.php\/menta-y-boldo\/","og_locale":"es_ES","og_type":"article","og_title":"Menta y Boldo - Yerba Mate Fortuna","og_description":"\ud83c\udf43 Menta &amp; Boldo \u2013 Frescura y bienestar en cada sorbo \ud83c\udf31 Un cl\u00e1sico preferido por los paraguayos La combinaci\u00f3n de menta y boldo es una de las m\u00e1s elegidas en Paraguay por su sabor refrescante y equilibrado , ideal tanto para el mate como para el terer\u00e9. Mientras la menta aporta frescura y suavidad,&hellip; Leer m\u00e1s","og_url":"https:\/\/yerbamatefortuna.com\/index.php\/menta-y-boldo\/","og_site_name":"Yerba Mate Fortuna","article_modified_time":"2025-03-18T20:38:47+00:00","og_image":[{"width":1080,"height":1080,"url":"https:\/\/yerbamatefortuna.com\/wp-content\/uploads\/2025\/03\/fortuna-menta-limon.png","type":"image\/png"}],"twitter_card":"summary_large_image","twitter_misc":{"Tiempo de lectura":"2 minutos"},"schema":{"@context":"https:\/\/schema.org","@graph":[{"@type":"WebPage","@id":"https:\/\/yerbamatefortuna.com\/index.php\/menta-y-boldo\/","url":"https:\/\/yerbamatefortuna.com\/index.php\/menta-y-boldo\/","name":"Menta y Boldo - Yerba Mate Fortuna","isPartOf":{"@id":"https:\/\/yerbamatefortuna.com\/#website"},"primaryImageOfPage":{"@id":"https:\/\/yerbamatefortuna.com\/index.php\/menta-y-boldo\/#primaryimage"},"image":{"@id":"https:\/\/yerbamatefortuna.com\/index.php\/menta-y-boldo\/#primaryimage"},"thumbnailUrl":"https:\/\/yerbamatefortuna.com\/wp-content\/uploads\/2025\/03\/fortuna-menta-limon-1024x1024.png","datePublished":"2025-03-18T20:11:18+00:00","dateModified":"2025-03-18T20:38:47+00:00","breadcrumb":{"@id":"https:\/\/yerbamatefortuna.com\/index.php\/menta-y-boldo\/#breadcrumb"},"inLanguage":"es","potentialAction":[{"@type":"ReadAction","target":["https:\/\/yerbamatefortuna.com\/index.php\/menta-y-boldo\/"]}]},{"@type":"ImageObject","inLanguage":"es","@id":"https:\/\/yerbamatefortuna.com\/index.php\/menta-y-boldo\/#primaryimage","url":"https:\/\/yerbamatefortuna.com\/wp-content\/uploads\/2025\/03\/fortuna-menta-limon.png","contentUrl":"https:\/\/yerbamatefortuna.com\/wp-content\/uploads\/2025\/03\/fortuna-menta-limon.png","width":1080,"height":1080},{"@type":"BreadcrumbList","@id":"https:\/\/yerbamatefortuna.com\/index.php\/menta-y-boldo\/#breadcrumb","itemListElement":[{"@type":"ListItem","position":1,"name":"Portada","item":"https:\/\/yerbamatefortuna.com\/"},{"@type":"ListItem","position":2,"name":"Menta y Boldo"}]},{"@type":"WebSite","@id":"https:\/\/yerbamatefortuna.com\/#website","url":"https:\/\/yerbamatefortuna.com\/","name":"Yerba Mate Fortuna","description":"Ser Feliz es la nuesva Fortuna","publisher":{"@id":"https:\/\/yerbamatefortuna.com\/#organization"},"potentialAction":[{"@type":"SearchAction","target":{"@type":"EntryPoint","urlTemplate":"https:\/\/yerbamatefortuna.com\/?s={search_term_string}"},"query-input":{"@type":"PropertyValueSpecification","valueRequired":true,"valueName":"search_term_string"}}],"inLanguage":"es"},{"@type":"Organization","@id":"https:\/\/yerbamatefortuna.com\/#organization","name":"Yerba Mate Fortuna","url":"https:\/\/yerbamatefortuna.com\/","logo":{"@type":"ImageObject","inLanguage":"es","@id":"https:\/\/yerbamatefortuna.com\/#\/schema\/logo\/image\/","url":"https:\/\/yerbamatefortuna.com\/wp-content\/uploads\/2025\/02\/cropped-yerba-mate-fortuna-web-logo-con-slogan.png","contentUrl":"https:\/\/yerbamatefortuna.com\/wp-content\/uploads\/2025\/02\/cropped-yerba-mate-fortuna-web-logo-con-slogan.png","width":1080,"height":927,"caption":"Yerba Mate Fortuna"},"image":{"@id":"https:\/\/yerbamatefortuna.com\/#\/schema\/logo\/image\/"}}]}},"_links":{"self":[{"href":"https:\/\/yerbamatefortuna.com\/index.php\/wp-json\/wp\/v2\/pages\/636","targetHints":{"allow":["GET"]}}],"collection":[{"href":"https:\/\/yerbamatefortuna.com\/index.php\/wp-json\/wp\/v2\/pages"}],"about":[{"href":"https:\/\/yerbamatefortuna.com\/index.php\/wp-json\/wp\/v2\/types\/page"}],"author":[{"embeddable":true,"href":"https:\/\/yerbamatefortuna.com\/index.php\/wp-json\/wp\/v2\/users\/1"}],"replies":[{"embeddable":true,"href":"https:\/\/yerbamatefortuna.com\/index.php\/wp-json\/wp\/v2\/comments?post=636"}],"version-history":[{"count":4,"href":"https:\/\/yerbamatefortuna.com\/index.php\/wp-json\/wp\/v2\/pages\/636\/revisions"}],"predecessor-version":[{"id":649,"href":"https:\/\/yerbamatefortuna.com\/index.php\/wp-json\/wp\/v2\/pages\/636\/revisions\/649"}],"wp:attachment":[{"href":"https:\/\/yerbamatefortuna.com\/index.php\/wp-json\/wp\/v2\/media?parent=636"}],"curies":[{"name":"wp","href":"https:\/\/api.w.org\/{rel}","templated":true}]}}